{"id":83,"date":"2022-07-04T08:46:07","date_gmt":"2022-07-04T08:46:07","guid":{"rendered":"https:\/\/blog.yoopies.de\/wie-man-einen-verlaesslichen-babysitter-findet\/"},"modified":"2025-06-12T08:42:37","modified_gmt":"2025-06-12T08:42:37","slug":"wie-man-einen-verlaesslichen-babysitter-findet","status":"publish","type":"page","link":"https:\/\/yoopies.de\/c\/wie-man-einen-verlaesslichen-babysitter-findet\/","title":{"rendered":"Wie du einen verl\u00e4sslichen Babysitter findest"},"content":{"rendered":"<p><p><strong>Was tun, wenn sich die Frage stellt: Wo finde ich einen zuverl&auml;ssigen und vertrauensw&uuml;rdigen Babysitter?<\/strong><\/p>\n<p>Ihr seid beide berufst&auml;tig und braucht jemanden, wenn es im B&uuml;ro einmal l&auml;nger dauert?<br \/>\nMusst du zu einem Termin, zu dem du die Kinder nicht mitnehmen kannst?<br \/>\nOder geht es einfach nur darum einmal wieder einen entspannten Abend zu zweit zu verbringen, aber die Gro&szlig;eltern haben keine Zeit, oder wohnen zu weit weg um spontan einspringen zu k&ouml;nnen?<\/p>\n<p>Viele Eltern haben ein schlechtes Gewissen, ihre Spr&ouml;sslinge bei der Oma abzugeben oder einem komplett fremden Babysitter anzuvertrauen. Das muss allerdings nicht sein.<br \/>\nEin Babysitter, der sich voll und ganz dem Kind widmet, kann dem Kleinen auch durchaus guttun.<br \/>\nSo gew&ouml;hnt es sich schon fr&uuml;hzeitig an andere Bezugspersonen und Mama und Papa k&ouml;nnen sich eine kleine Auszeit g&ouml;nnen, ob gemeinsam, mit Freunden oder beim Sport.<\/p>\n<\/p>\n<p><p class=\"block-img\"><img decoding=\"async\" src=\"https:\/\/yoopies.de\/c\/wp-content\/uploads\/sites\/5\/2022\/07\/6da629c4-fab2-497a-9ac6-8f168c9154a0_FacebookTIPS282029.jpg\" alt=\"\"><\/p>\n<p><strong>Wie findet man einen passenden Babysitter?<\/strong><\/p>\n<p>Die Suche nach einem kompetenten und verl&auml;sslichen Babysitter kann eine langwierige Angelegenheit werden. Eventuell haben ja Freunde oder Verwandte auch Kinder und k&ouml;nnen dir im Idealfall schon jemanden empfehlen.<br \/>\nGenerell k&ouml;nnten auch deine Nachbarn oder Nachbarskinder, sofern sie schon alt genug sind oder auch jemand aus dem Freundes- oder Verwandtenkreis infrage kommen.<br \/>\nDu kannst dich auch im Kindergarten oder in der Krippe umh&ouml;ren.<br \/>\nEventuell gibt es dort ja ein Schwarzes Brett, wo du dein Gesuch nach einem Babysitter aufh&auml;ngen kannst.<br \/>\nDu kannst auch eine Anzeige im Internet aufgeben, um so in deiner Umgebung nach einer passenden Betreuung zu suchen.<\/p>\n<\/p>\n<p><p><strong>Das erste Kennenlernen:<\/strong><\/p>\n<p>Wenn du jemanden gefunden hast, der in Frage kommt, empfiehlt sich auch jeden Fall ein unverbindliches Kennenlernen.<\/p>\n<p>So kannst du dir auch schon vorab ein Bild machen, was Alter, Verf&uuml;gbarkeit und Erfahrung des Babysitters angeht und du siehst auch, wie dein Kind auf den Babysitter reagiert.<\/p>\n<p>Nimm dir f&uuml;r das erste Treffen Zeit und schreibe dir eine Liste mit wichtigen Punkten wie zum Beispiel:<\/p>\n<ul>\n<li>Motivation<\/li>\n<li>Alter<\/li>\n<li>Referenzen ( Praktikum im Kindergarten)<\/li>\n<li>Ausbildung (p&auml;dagogisches Diplom)<\/li>\n<li>Erste Hilfe Kurs<\/li>\n<li>Hobbies<\/li>\n<\/ul>\n<p>Lass auch den potentiellen Babysitter Fragen stellen. So kannst du einen Eindruck gewinnen, ob er &uuml;ber Erfahrung verf&uuml;gt und sich auf den Termin vorbereitet hat:<\/p>\n<p>M&ouml;gliche Fragen w&auml;ren:<\/p>\n<ul>\n<li>Gibt es Allergien oder Krankheiten<\/li>\n<li>Was isst das Kind gerne<\/li>\n<li>Welche Lebensmittel oder Speisen mag es nicht<\/li>\n<li>Muss es vom Kindergarten\/von der Schule abgeholt werden<\/li>\n<li>Sollen auch kleine Aufgaben im Haushalt &uuml;bernommen werden(Geschirrsp&uuml;ler,, Essen zubereiten, W&auml;sche)<\/li>\n<\/ul>\n<p>Wenn der Einsatz nur abends stattfindet:<\/p>\n<ul>\n<li>Hat das Kind ein Einschlafritual ( Licht mu&szlig; brennen, Lieblingsstofftier, Lieblingsbuch)<\/li>\n<li>Muss das Kind zu Bett gebracht werden, oder schl&auml;ft es bereits, wenn der Termin beginnt<\/li>\n<li>Wo sind die Eltern im Notfall erreichbar<\/li>\n<\/ul>\n<p><strong>Der Probetermin<\/strong><\/p>\n<p>Wenn das Kennenlernen zwischen dem Babysitter und dir gut gelaufen ist, k&ouml;nnt ihr einen Probetermin vereinbaren.<\/p>\n<p>Bei diesem solltest du auf folgende Dinge achten:<\/p>\n<ul>\n<li>Wie reagiert dein Kind auf den Babysitter<\/li>\n<li>Geht dieser gut auf dein Kind ein<\/li>\n<li>Wird der Nachwuchs altersgerecht betreut<\/li>\n<li>Wie reagiert der Babysitter, wenn das Kind weint oder quengelt, gelingt es ihm, es wieder zu beruhigen<\/li>\n<\/ul>\n<p>Wenn du das Gef&uuml;hl hast, dass alles gut l&auml;uft, dann kannst du ja f&uuml;r einige Zeit den Raum oder sogar das Haus verlassen, damit der Babysitter und dein Kind sich in Ruhe alleine kennenlernen k&ouml;nnen. Wenn du zur&uuml;ckkommst, siehst du gleich, ob dein Kind entspannt ist, oder ob es aufgebracht ist und geweint hat.<\/p>\n<\/p>\n<p><p class=\"block-img\"><img decoding=\"async\" src=\"https:\/\/yoopies.de\/c\/wp-content\/uploads\/sites\/5\/2022\/07\/8b49d0cb-fdf9-4e2f-b2e4-18c517208763_FacebookTIPS281929.jpg\" alt=\"\"><\/p>\n<p><strong>Du hast jemanden gefunden, der passt? Gl&uuml;ckwunsch!<\/strong><\/p>\n<p>Bereite vor dem ersten Termin alles Notwendige vor, um einen reibungslosen Ablauf f&uuml;r alle Beteiligten zu gew&auml;hren.<br \/>\nNimm dir auch ein etwas Zeit, um dem Babysitter zu zeigen, wo er Windeln, Reserve Klamotten, frische Bettw&auml;sche, Essen und dergleichen findet.<br \/>\nStell dem Babysitter auch gerne etwas zu Knabbern hin. Du kannst ihm auch das Passwort f&uuml;r das Internet zur Verf&uuml;gung stellen.<\/p>\n<p>Wichtig ist, dass der Babysitter, w&auml;hrend des Einsatzes, jederzeit jemanden aus der Familie telefonisch erreichen kann.<\/p>\n<\/p>\n<p><strong>Wieviel sollte man einem Babysitter bezahlen?<\/strong><\/p>\n<p>Durchschnittlich verdient ein Babysitter 10 Euro pro Stunde. Abh&auml;ngig von Erfahrung, etwaigen Zusatzqualifikationen und Aufgaben die &uuml;bernommen werden, kann der Stundenlohn auch h&ouml;her ausfallen.<\/p>\n<\/p>\n<p><p><strong>Weitere hilfreiche Artikel die dich interessieren k&ouml;nnten:<\/strong><\/p>\n<\/p>\n<ul>\n<li><a href=\"https:\/\/yoopies.de\/c\/ratgeber-fuer-eltern-rund-um-kinderbetreuung\/au-pair-was-fuer-eltern-zu-beachten-ist\">Au Pair im Haus: Was Eltern unbedingt beachten sollten<\/a><\/li>\n<li><a href=\"https:\/\/yoopies.de\/c\/bilinguale-kinderbetreuung-ein-wachsender-trend\">Bilinguale Kinderbetreuung &#8211; ein wachsender Trend<\/a> <\/li>\n<li><a href=\"https:\/\/yoopies.de\/c\/tagesmutter-oder-kindermaedchen-unterschied\">Tagesmutter, Nanny, Babysitter, Kinderm&auml;dchen &ndash; Was ist der Unterschied?<\/a><\/li>\n<li><a href=\"https:\/\/yoopies.de\/c\/wieviel-zucker-ist-gesund\">Wieviel Zucker ist f&uuml;r mein Kind gesund?<\/a>\n<\/li>\n<\/ul>\n<p><a class=\"button\" href=\"https:\/\/yoopies.de\/registration\/childcare\/employer\">Registriere dich hier und finde einen passenden Babysitter auf Yoopies<\/a><\/p>\n","protected":false},"excerpt":{"rendered":"<p>Was tun, wenn sich die Frage stellt: Wo finde ich einen zuverl&auml;ssigen und vertrauensw&uuml;rdigen Babysitter? &hellip; <\/p>\n","protected":false},"author":10,"featured_media":86,"parent":0,"menu_order":0,"comment_status":"closed","ping_status":"closed","template":"","meta":{"_acf_changed":false,"footnotes":""},"class_list":["post-83","page","type-page","status-publish","has-post-thumbnail","hentry"],"acf":[],"yoast_head":"<!-- This site is optimized with the Yoast SEO plugin v26.9 - https:\/\/yoast.com\/product\/yoast-seo-wordpress\/ -->\n<title>Babysitter in deiner N\u00e4he finden<\/title>\n<meta name=\"description\" content=\"Wie findest du den passenden Babysitter in deiner N\u00e4he und was ist bei der Anstellung zu beachten? Wir haben die wichtigsten Infos f\u00fcr dich zusammengefasst.\" \/>\n<meta name=\"robots\" content=\"index, follow, max-snippet:-1, max-image-preview:large, max-video-preview:-1\" \/>\n<link rel=\"canonical\" href=\"https:\/\/yoopies.de\/c\/wie-man-einen-verlaesslichen-babysitter-findet\/\" \/>\n<meta property=\"og:locale\" content=\"de_DE\" \/>\n<meta property=\"og:type\" content=\"article\" \/>\n<meta property=\"og:title\" content=\"Babysitter in deiner N\u00e4he finden\" \/>\n<meta property=\"og:description\" content=\"Wie findest du den passenden Babysitter in deiner N\u00e4he und was ist bei der Anstellung zu beachten? Wir haben die wichtigsten Infos f\u00fcr dich zusammengefasst.\" \/>\n<meta property=\"og:url\" content=\"https:\/\/yoopies.de\/c\/wie-man-einen-verlaesslichen-babysitter-findet\/\" \/>\n<meta property=\"og:site_name\" content=\"Yoopies Deutschland\" \/>\n<meta property=\"article:modified_time\" content=\"2025-06-12T08:42:37+00:00\" \/>\n<meta property=\"og:image\" content=\"https:\/\/yoopies.de\/c\/wp-content\/uploads\/sites\/5\/2022\/07\/cacd39f0-3c63-478f-957f-c3871dad4e62-812d33008ee971d9719cbb185cfeddd948ac378c-bigstock-kids-or-children-and-mother-pl-80138315-128129.jpg\" \/>\n\t<meta property=\"og:image:width\" content=\"1200\" \/>\n\t<meta property=\"og:image:height\" content=\"800\" \/>\n\t<meta property=\"og:image:type\" content=\"image\/jpeg\" \/>\n<meta name=\"twitter:card\" content=\"summary_large_image\" \/>\n<meta name=\"twitter:label1\" content=\"Gesch\u00e4tzte Lesezeit\" \/>\n\t<meta name=\"twitter:data1\" content=\"4\u00a0Minuten\" \/>\n<script type=\"application\/ld+json\" class=\"yoast-schema-graph\">{\"@context\":\"https:\/\/schema.org\",\"@graph\":[{\"@type\":\"WebPage\",\"@id\":\"https:\/\/yoopies.de\/c\/wie-man-einen-verlaesslichen-babysitter-findet\/\",\"url\":\"https:\/\/yoopies.de\/c\/wie-man-einen-verlaesslichen-babysitter-findet\/\",\"name\":\"Babysitter in deiner N\u00e4he finden\",\"isPartOf\":{\"@id\":\"https:\/\/yoopies.de\/c\/#website\"},\"primaryImageOfPage\":{\"@id\":\"https:\/\/yoopies.de\/c\/wie-man-einen-verlaesslichen-babysitter-findet\/#primaryimage\"},\"image\":{\"@id\":\"https:\/\/yoopies.de\/c\/wie-man-einen-verlaesslichen-babysitter-findet\/#primaryimage\"},\"thumbnailUrl\":\"https:\/\/yoopies.de\/c\/wp-content\/uploads\/sites\/5\/2022\/07\/cacd39f0-3c63-478f-957f-c3871dad4e62-812d33008ee971d9719cbb185cfeddd948ac378c-bigstock-kids-or-children-and-mother-pl-80138315-128129.jpg\",\"datePublished\":\"2022-07-04T08:46:07+00:00\",\"dateModified\":\"2025-06-12T08:42:37+00:00\",\"description\":\"Wie findest du den passenden Babysitter in deiner N\u00e4he und was ist bei der Anstellung zu beachten? Wir haben die wichtigsten Infos f\u00fcr dich zusammengefasst.\",\"breadcrumb\":{\"@id\":\"https:\/\/yoopies.de\/c\/wie-man-einen-verlaesslichen-babysitter-findet\/#breadcrumb\"},\"inLanguage\":\"de\",\"potentialAction\":[{\"@type\":\"ReadAction\",\"target\":[\"https:\/\/yoopies.de\/c\/wie-man-einen-verlaesslichen-babysitter-findet\/\"]}]},{\"@type\":\"ImageObject\",\"inLanguage\":\"de\",\"@id\":\"https:\/\/yoopies.de\/c\/wie-man-einen-verlaesslichen-babysitter-findet\/#primaryimage\",\"url\":\"https:\/\/yoopies.de\/c\/wp-content\/uploads\/sites\/5\/2022\/07\/cacd39f0-3c63-478f-957f-c3871dad4e62-812d33008ee971d9719cbb185cfeddd948ac378c-bigstock-kids-or-children-and-mother-pl-80138315-128129.jpg\",\"contentUrl\":\"https:\/\/yoopies.de\/c\/wp-content\/uploads\/sites\/5\/2022\/07\/cacd39f0-3c63-478f-957f-c3871dad4e62-812d33008ee971d9719cbb185cfeddd948ac378c-bigstock-kids-or-children-and-mother-pl-80138315-128129.jpg\",\"width\":1200,\"height\":800},{\"@type\":\"BreadcrumbList\",\"@id\":\"https:\/\/yoopies.de\/c\/wie-man-einen-verlaesslichen-babysitter-findet\/#breadcrumb\",\"itemListElement\":[{\"@type\":\"ListItem\",\"position\":1,\"name\":\"Home\",\"item\":\"https:\/\/yoopies.de\/c\/\"},{\"@type\":\"ListItem\",\"position\":2,\"name\":\"Wie du einen verl\u00e4sslichen Babysitter findest\"}]},{\"@type\":\"WebSite\",\"@id\":\"https:\/\/yoopies.de\/c\/#website\",\"url\":\"https:\/\/yoopies.de\/c\/\",\"name\":\"Yoopies Deutschland\",\"description\":\"\",\"potentialAction\":[{\"@type\":\"SearchAction\",\"target\":{\"@type\":\"EntryPoint\",\"urlTemplate\":\"https:\/\/yoopies.de\/c\/?s={search_term_string}\"},\"query-input\":{\"@type\":\"PropertyValueSpecification\",\"valueRequired\":true,\"valueName\":\"search_term_string\"}}],\"inLanguage\":\"de\"}]}<\/script>\n<!-- \/ Yoast SEO plugin. -->","yoast_head_json":{"title":"Babysitter in deiner N\u00e4he finden","description":"Wie findest du den passenden Babysitter in deiner N\u00e4he und was ist bei der Anstellung zu beachten? Wir haben die wichtigsten Infos f\u00fcr dich zusammengefasst.","robots":{"index":"index","follow":"follow","max-snippet":"max-snippet:-1","max-image-preview":"max-image-preview:large","max-video-preview":"max-video-preview:-1"},"canonical":"https:\/\/yoopies.de\/c\/wie-man-einen-verlaesslichen-babysitter-findet\/","og_locale":"de_DE","og_type":"article","og_title":"Babysitter in deiner N\u00e4he finden","og_description":"Wie findest du den passenden Babysitter in deiner N\u00e4he und was ist bei der Anstellung zu beachten? Wir haben die wichtigsten Infos f\u00fcr dich zusammengefasst.","og_url":"https:\/\/yoopies.de\/c\/wie-man-einen-verlaesslichen-babysitter-findet\/","og_site_name":"Yoopies Deutschland","article_modified_time":"2025-06-12T08:42:37+00:00","og_image":[{"width":1200,"height":800,"url":"https:\/\/yoopies.de\/c\/wp-content\/uploads\/sites\/5\/2022\/07\/cacd39f0-3c63-478f-957f-c3871dad4e62-812d33008ee971d9719cbb185cfeddd948ac378c-bigstock-kids-or-children-and-mother-pl-80138315-128129.jpg","type":"image\/jpeg"}],"twitter_card":"summary_large_image","twitter_misc":{"Gesch\u00e4tzte Lesezeit":"4\u00a0Minuten"},"schema":{"@context":"https:\/\/schema.org","@graph":[{"@type":"WebPage","@id":"https:\/\/yoopies.de\/c\/wie-man-einen-verlaesslichen-babysitter-findet\/","url":"https:\/\/yoopies.de\/c\/wie-man-einen-verlaesslichen-babysitter-findet\/","name":"Babysitter in deiner N\u00e4he finden","isPartOf":{"@id":"https:\/\/yoopies.de\/c\/#website"},"primaryImageOfPage":{"@id":"https:\/\/yoopies.de\/c\/wie-man-einen-verlaesslichen-babysitter-findet\/#primaryimage"},"image":{"@id":"https:\/\/yoopies.de\/c\/wie-man-einen-verlaesslichen-babysitter-findet\/#primaryimage"},"thumbnailUrl":"https:\/\/yoopies.de\/c\/wp-content\/uploads\/sites\/5\/2022\/07\/cacd39f0-3c63-478f-957f-c3871dad4e62-812d33008ee971d9719cbb185cfeddd948ac378c-bigstock-kids-or-children-and-mother-pl-80138315-128129.jpg","datePublished":"2022-07-04T08:46:07+00:00","dateModified":"2025-06-12T08:42:37+00:00","description":"Wie findest du den passenden Babysitter in deiner N\u00e4he und was ist bei der Anstellung zu beachten? Wir haben die wichtigsten Infos f\u00fcr dich zusammengefasst.","breadcrumb":{"@id":"https:\/\/yoopies.de\/c\/wie-man-einen-verlaesslichen-babysitter-findet\/#breadcrumb"},"inLanguage":"de","potentialAction":[{"@type":"ReadAction","target":["https:\/\/yoopies.de\/c\/wie-man-einen-verlaesslichen-babysitter-findet\/"]}]},{"@type":"ImageObject","inLanguage":"de","@id":"https:\/\/yoopies.de\/c\/wie-man-einen-verlaesslichen-babysitter-findet\/#primaryimage","url":"https:\/\/yoopies.de\/c\/wp-content\/uploads\/sites\/5\/2022\/07\/cacd39f0-3c63-478f-957f-c3871dad4e62-812d33008ee971d9719cbb185cfeddd948ac378c-bigstock-kids-or-children-and-mother-pl-80138315-128129.jpg","contentUrl":"https:\/\/yoopies.de\/c\/wp-content\/uploads\/sites\/5\/2022\/07\/cacd39f0-3c63-478f-957f-c3871dad4e62-812d33008ee971d9719cbb185cfeddd948ac378c-bigstock-kids-or-children-and-mother-pl-80138315-128129.jpg","width":1200,"height":800},{"@type":"BreadcrumbList","@id":"https:\/\/yoopies.de\/c\/wie-man-einen-verlaesslichen-babysitter-findet\/#breadcrumb","itemListElement":[{"@type":"ListItem","position":1,"name":"Home","item":"https:\/\/yoopies.de\/c\/"},{"@type":"ListItem","position":2,"name":"Wie du einen verl\u00e4sslichen Babysitter findest"}]},{"@type":"WebSite","@id":"https:\/\/yoopies.de\/c\/#website","url":"https:\/\/yoopies.de\/c\/","name":"Yoopies Deutschland","description":"","potentialAction":[{"@type":"SearchAction","target":{"@type":"EntryPoint","urlTemplate":"https:\/\/yoopies.de\/c\/?s={search_term_string}"},"query-input":{"@type":"PropertyValueSpecification","valueRequired":true,"valueName":"search_term_string"}}],"inLanguage":"de"}]}},"_links":{"self":[{"href":"https:\/\/yoopies.de\/c\/wp-json\/wp\/v2\/pages\/83","targetHints":{"allow":["GET"]}}],"collection":[{"href":"https:\/\/yoopies.de\/c\/wp-json\/wp\/v2\/pages"}],"about":[{"href":"https:\/\/yoopies.de\/c\/wp-json\/wp\/v2\/types\/page"}],"author":[{"embeddable":true,"href":"https:\/\/yoopies.de\/c\/wp-json\/wp\/v2\/users\/10"}],"replies":[{"embeddable":true,"href":"https:\/\/yoopies.de\/c\/wp-json\/wp\/v2\/comments?post=83"}],"version-history":[{"count":1,"href":"https:\/\/yoopies.de\/c\/wp-json\/wp\/v2\/pages\/83\/revisions"}],"predecessor-version":[{"id":87,"href":"https:\/\/yoopies.de\/c\/wp-json\/wp\/v2\/pages\/83\/revisions\/87"}],"wp:featuredmedia":[{"embeddable":true,"href":"https:\/\/yoopies.de\/c\/wp-json\/wp\/v2\/media\/86"}],"wp:attachment":[{"href":"https:\/\/yoopies.de\/c\/wp-json\/wp\/v2\/media?parent=83"}],"curies":[{"name":"wp","href":"https:\/\/api.w.org\/{rel}","templated":true}]}}