{"id":238,"date":"2020-04-29T17:28:56","date_gmt":"2020-04-29T17:28:56","guid":{"rendered":"https:\/\/blog.yoopies.de\/eltern-ratgeber-fuer-babysitter\/ausbildung-als-erzieherin\/"},"modified":"2025-06-12T08:42:36","modified_gmt":"2025-06-12T08:42:36","slug":"ausbildung-als-erzieherin","status":"publish","type":"page","link":"https:\/\/yoopies.de\/c\/eltern-ratgeber-fuer-babysitter\/ausbildung-als-erzieherin\/","title":{"rendered":"Ausbildung zur Erzieherin &#8211; alle Infos kompakt!"},"content":{"rendered":"<figure><img decoding=\"async\" src=\"https:\/\/yoopies.de\/c\/wp-content\/uploads\/sites\/5\/2020\/04\/74edd497d8b4b7ae15440cde74a8ec5f0f36f73e-adolescent-attractive-backpack-1462630.jpg\" \/><figcaption>Bild \u00a9 Anastasiya Gepp\/Pexels.com<\/figcaption><\/figure>\n<p><p>Als Erzieher\/innen bezeichnet man p&auml;dagogische Fachkr&auml;fte, die ein entsprechende Ausbildung an einer Fachschule, Fachakademie oder n einem Berufskolleg absolviert haben. W&auml;hrend auch heute noch zum Teil die veraltete Berufsbezeichnung Kinderg&auml;rtner\/in verwendet wird, ist dies nicht ganz korrekt. Seit 1967 sind die Berufe der Kinderg&auml;rtner\/innen, Hornter\/innen und Jugend- und Heimerzieher\/innen unter dem Begriff Erzieher zusammengefasst. <\/p>\n<p>In Deutschland herrscht derzeit ein Mangel an Erzieher\/innen. Trotz etwa 420.000 besch&auml;ftigten Erzieher\/innen, blieben &uuml;ber 100.000 Stellen unbesetzt. <\/p>\n<p>Neben der Arbeit mit Kindern und Jugendlichen qualifiziert die Ausbildung auch f&uuml;r die Arbeit mit Erwachsenen und Menschen mit Behinderung jeglichen Alters. <\/p>\n<p>Die typischen T&auml;tigkeitsfelder als Erzieherin sind:<\/p>\n<\/p>\n<p><p><strong>&bull;    <\/strong>Kinderg&auml;rten, Kitas, Kinderkrippen und Horte<\/p>\n<p><strong>&bull;    <\/strong>Kinder-, Jugendwohn- und Erziehungsheime<\/p>\n<p><strong>&bull;    <\/strong>Betreutes Wohnen f&uuml;r Jugendliche und junge Erwachsene<\/p>\n<p><strong>&bull;    <\/strong>Familienberatungs- und Suchtberatungsstellen<\/p>\n<p><strong>&bull;    <\/strong>Tagesst&auml;tten und Wohnheime f&uuml;r Menschen mit Behinderung<\/p>\n<p><strong>&bull;    <\/strong>Erholungs- und Ferienheime<\/p>\n<\/p>\n<p class=\"highlighted\">\n<p><strong>Ausbildung zum Erzieher<\/strong><\/p>\n<\/p>\n<p><p>Die Ausbildung erfolgt je nach Bundesland an Fachschulen oder Fachakademien f&uuml;r Sozialp&auml;dagogik, Oberstufenzentren oder Berufsfachschulen f&uuml;r Sozialwesen. Sie wird zudem berufsbegleitend durch freie Tr&auml;ger angeboten. Die Voraussetzung ist im Regelfall ein mittlerer Schulabschluss wie die Mittlere Reife oder der Realschulabschluss oder eine abgeschlossene Berufsausbildung. Nach erfolgreich abgeschlossener Nichtsch&uuml;lerpr&uuml;fung ist die Anerkennung zum Erzieher auch im Selbststudium m&ouml;glich. Je nach Bundesland, Vorbildung und praktischer Erfahrung dauert die Ausbildung zwischen zwei und sechs Jahre. Dazu kommt gegebenenfalls das praktische Anerkennungsjahr. In einigen Bundesl&auml;ndern ist zudem eine abgeschlossene Ausbildung zum Sozialassistenten oder Kinderpfleger Voraussetzung. Genaue Auskunft dar&uuml;ber kann Dir die jeweilig zust&auml;ndige Arbeitsagentur geben. <\/p>\n<p>Je nach Bundesland und Ausbildungsst&auml;tte muss nach der schulischen Ausbildung zudem ein praktisches Anerkennungsjahr absolviert werden. Mehr Informationen dar&uuml;ber findet Ihr in unserem Artikel &bdquo;Anerkennungsjahr f&uuml;r Erzieher&ldquo;.<\/p>\n<\/p>\n<p class=\"highlighted\">\n<p><strong>Rechtliche Regelungen f&uuml;r die Ausbildung<\/strong><\/p>\n<\/p>\n<p><p>Auf Bundesebene gibt es kein einheitlich geltendes Recht zur Ausbildung zum Erzieher. Jedoch wurde bei der Kultusministerkonferenz 2002 eine Rahmenvereinbarung &uuml;ber die Ausbildung an Fachschulen getroffen. Hier sind Eckpunkte wie die Ausbildungsdauer von mindesten 2.400 Unterrichtsstunden plus 1.200 Praxisstunden sowie die schriftliche Anschlusspr&uuml;fung festgelegt. Diese Rahmenvereinbarung ist zwar nicht bindend und die L&auml;nder k&ouml;nnen die Ausbildung in den eigenen Schulverordnungen selbst gestalten, jedoch wird die Rahmenvereinbarung zumeist als Grundlage f&uuml;r diese verwendet.<\/p>\n<p>Eine &Uuml;bersicht &uuml;ber die Verordnungen der einzelnen Bundesl&auml;nder findet Ihr auf der Seite der <a href=\"https:\/\/berufenet.arbeitsagentur.de\/berufenet\/faces\/index?path=null\/suchergebnisse\/kurzbeschreibung\/rechtlicheregelungen&amp;dkz=9162&amp;such=Erzieher\">Bundesagentur f&uuml;r Arbeit<\/a>.<\/p>\n<\/p>\n<p class=\"highlighted\">\n<p><strong>Voraussetzungen<\/strong><\/p>\n<\/p>\n<p><p>Die Voraussetzungen f&uuml;r die Ausbildung zur Erzieherin in Voll- oder Teilzeit sind in jedem Bundesland unterschiedlich. In Mecklenburg-Vorpommern ist f&uuml;r die Zulassung an der Fachschule f&uuml;r Sozialwesen zum Beispiel die vorherige abgeschlossene Ausbildung zum Sozialassistenten zwingend vorgeschrieben. Mit einem mittleren Schulabschluss dauert diese zwei Jahre und mit abgeschlossener Berufsausbildung, Fachabitur oder Abitur kann diese auf ein Jahr verk&uuml;rzt werden. Somit dauert die komplette Ausbildung zum Erzieher drei bis vier Jahre. Wenn mit der Ausbildung zum staatlich anerkannten Erzieher auch die Fachhochschulreife erlangt wird oder diese bereits vorab erhalten wurde, kann zus&auml;tzlich ein Bachelorstudium in Sozialp&auml;dagogik oder Sozialmanagement in Teilzeit absolviert werden. <\/p>\n<p>Die Ausbildung kann in Voll- oder Teilzeit absolviert werden. F&uuml;r die berufsbegleitende Variante muss der Auszubildende mindestens 20 Wochenstunden in einer sozialp&auml;dagogischen Einrichtung arbeiten. Die Arbeit wird verg&uuml;tet. <\/p>\n<p>In Berlin kann die Ausbildung ebenso in Voll- oder Teilzeit absolviert werden. Die Voraussetzungen hier sind:<\/p>\n<\/p>\n<p><p><strong>&bull;    <\/strong>Fachhochschulreife Sozialwesen oder<\/p>\n<p><strong>&bull;    <\/strong>Fachgebundene oder allgemeine Hochschulreife und eine mindestens 8-W&ouml;chige praktische T&auml;tigkeit in einer sozialp&auml;dagogischen Einrichtung, wie z.B. ein Praktikum oder<\/p>\n<p><strong>&bull;    <\/strong>Abgeschlossene Berufsausbildung im sozialp&auml;dagogischen Bereich wie Kinderpfleger, Soziallassistenz etc. oder<\/p>\n<p><strong>&bull;    <\/strong>Abgeschlossene, mindestens 3-j&auml;hrige Berufsausbildung oder<\/p>\n<p><strong>&bull;    <\/strong>Mindestens drei Jahre Berufst&auml;tigkeit im sozialp&auml;dagogischen oder pflegerischen Bereich oder<\/p>\n<p><strong>&bull;    <\/strong>Mindestens vier Jahre Berufserfahrung in anderen Bereichen.<\/p>\n<\/p>\n<p><p>Die einzelnen Schulen k&ouml;nnen zudem noch Bewerbungsgespr&auml;che und Motivationsschreiben verlangen. Die Ausbildungsdauer betr&auml;gt in der Regel drei Jahre, inklusive drei Praktika von jeweils 12 Wochen in den ersten beiden Ausbildungsjahren und 20 Wochen im dritten Jahr. Diese finden im ersten Jahr in der Kindertagespflege &#8211; Krippe oder Kindergarten &ndash; statt. Das zweite Praktikum wird in einer Einrichtung f&uuml;r Schulkinder, Jugendliche, Menschen mit Behinderung oder in integrativen Einrichtungen absolviert und das dritte ist frei w&auml;hlbar. Auch die Unterrichtsmodule im dritten Jahr k&ouml;nnen je nach Spezialisierung der Ausbildung gew&auml;hlt werden. Das letzte Semester beinhaltet die Erstellung einer Facharbeit und die Abschlusspr&uuml;fungen. <\/p>\n<p>F&uuml;r die Ausbildung in Teilzeit muss eine fachrelevante Arbeitsst&auml;tte mit 20 bis 28 Wochenstunden nachgewiesen werden. <\/p>\n<p>Wichtig zu wissen ist, dass in Berlin kein Anerkennungsjahr in die Ausbildung integriert wird. Dieses muss nach der Ausbildung absolviert werden, um die staatliche Anerkennung zum Erzieher zu erhalten.<\/p>\n<\/p>\n<p><p>Die Zugangsvoraussetzungen in Bayern hingegen sind mindestens ein mittlerer Schulabschluss und<\/p>\n<\/p>\n<p><p><strong>&bull;    <\/strong>eine abgeschlossene zweij&auml;hrige p&auml;dagogische, pflegerische oder rehabilitative Ausbildung oder<\/p>\n<p><strong>&bull;    <\/strong>eine abgeschlossene Berufsausbildung in einem anerkannten Ausbildungsberuf sowie der Besuch eines sozialp&auml;dagogischen Seminars oder <\/p>\n<p><strong>&bull;    <\/strong>der erfolgreiche Abschluss des zweij&auml;hrigen sozialp&auml;dagogischen Seminars oder<\/p>\n<p><strong>&bull;    <\/strong>eine vierj&auml;hrige Berufst&auml;tigkeit.<\/p>\n<\/p>\n<p><p>Dar&uuml;ber hinaus ist ein &auml;rztliches Gutachten notwendig, das best&auml;tigt, dass es keine gesundheitlichen Einschr&auml;nkungen zur Aus&uuml;bung des Berufs gibt. Zudem wird ein polizeiliches F&uuml;hrungszeugnis verlangt und bei Bewerbern, deren Muttersprache nicht Deutsch ist, ein Sprachzertifikat in Deutsch von mindestens B2. Gut zu wissen ist: wer bereits eigene Kinder gro&szlig;gezogen hat, kann das sozialp&auml;dagogische Seminar unter Umst&auml;nden auf ein Jahr verk&uuml;rzen. <\/p>\n<p>Die Ausbildung zur Erzieherin dauert drei Jahre. Dazu kommt das ein- oder zweij&auml;hrige sozialp&auml;dagogische Seminar, welches im Grunde eine Ausbildung zur staatlich anerkannten Kinderpflegerin ist. Wer in der Ausbildung zum Erzieher Mathematik belegt, kann im Anschluss mit weiteren Pr&uuml;fungen die Fachhochschulreife erlangen und danach Soziale Arbeit oder Kindheitsp&auml;dagogik an jeder Fachhochschule in Deutschland studieren. Vor allem in Bayern sind viele Fachakademien f&uuml;r Erzieher von christlichen Tr&auml;gern. Um hier einen Ausbildungsplatz zu bekommen, ist es von Vorteil derselben Religion anzugeh&ouml;ren und aktiv in der Gemeinde, wie zum Beispiel auf Jugendfreizeiten der Kirche, t&auml;tig zu sein. Ein Empfehlungsschreiben des Pfarrers kann ebenfalls nicht schaden.  <\/p>\n<p>Eine genaue Auskunft dar&uuml;ber, welche Voraussetzungen in Eurem Bundesland gelten und wie die Ausbildung aufgebaut ist, erhaltet Ihr bei der Bundesagentur f&uuml;r Arbeit oder bei lokalen Beratungsstellen f&uuml;r den Erzieherberuf. <\/p>\n<\/p>\n<figure><img decoding=\"async\" src=\"https:\/\/yoopies.de\/c\/wp-content\/uploads\/sites\/5\/2020\/04\/568a83c8cf79468ad17b433b3e87cdae9b4b0868-marvin-meyer-1573266-unsplash.jpg\" \/><figcaption>Bild \u00a9 Marvin Meyer\/Unsplash.com<\/figcaption><\/figure>\n<p class=\"highlighted\">\n<p><strong>Externenpr&uuml;fung<\/strong><\/p>\n<\/p>\n<p><p>In Ausnahmef&auml;llen gibt es in den meisten Bundesl&auml;ndern die M&ouml;glichkeit die Abschlusspr&uuml;fung zum Erzieher als Externer bzw. Nichtsch&uuml;ler abzulegen. Die Pr&uuml;fungsinhalte unterscheiden sich dabei nicht von denen der normalen Absolventen. Die Pr&uuml;fung ist in drei Teile gegliedert: schriftlich, praktisch-p&auml;dagogisch und m&uuml;ndlich. In den meisten F&auml;llen erfolgt die Abnahme der Pr&uuml;fung zusammen mit der Abschlusspr&uuml;fung der Absolventen einer Fachschule. Diese M&ouml;glichkeit richtet sich vor allem an Mitarbeiter in sozialp&auml;dagogischen Einrichtungen, die auf diesem Weg eine staatlich anerkannte Qualifikation erreichen wollen. <\/p>\n<p>Der Antrag auf die Zulassung zur Externenpr&uuml;fung wird bei der zust&auml;ndigen Bezirksregierung oder dem Schulamt gestellt. Als Voraussetzungen gelten der Nachweis &uuml;ber eine angemessene Vorbereitung zur Pr&uuml;fung, inklusive Praktika in verschiedenen sozialp&auml;dagogischen Einrichtungen und die theoretische Vorbereitung, z. B. durch einen Vorbereitungskurs bei einem anerkannten Bildungstr&auml;ger. Auch hier gibt es je nach Bundesland eigene Regelungen, die beim Schulamt erfragt werden k&ouml;nnen. Die Entscheidung &uuml;ber die Zulassung wird im Einzelfall getroffen. Wer die Abschlusspr&uuml;fung zum Erzieher im Anschluss an die Fachschule endg&uuml;ltig nicht bestanden hat, kann f&uuml;r die Nichtsch&uuml;lerpr&uuml;fung nicht zugelassen werden. In Bundesl&auml;ndern, in denen das Anerkennungsjahr zum Abschluss der Ausbildung erforderlich ist, schlie&szlig;t sich dieses auch nach Bestehen der Externen-\/Nichtsch&uuml;lerpr&uuml;fung mit der abschlie&szlig;enden m&uuml;ndlichen Pr&uuml;fung an.<\/p>\n<\/p>\n<p class=\"highlighted\">\n<p><strong>Ausbildungszeit<\/strong><\/p>\n<\/p>\n<p><p>Die Rahmenvereinbarung der Kultusministerkonferenz hat festgelegt, dass die Erzieher\/innenausbildung, einschlie&szlig;lich der erforderlichen Vorbildung, insgesamt f&uuml;nf, mindestens jedoch vier Jahre dauert. Die Fachschulausbildung muss demnach drei Jahre, mindestens jedoch zwei Jahre dauern, die sich im Falle von Teilzeitausbildungen entsprechend verl&auml;ngern kann.<\/p>\n<p>Sonderregelungen einzelner Bundesl&auml;nder:<\/p>\n<p>Baden-W&uuml;rttemberg: Die Ausbildung beinhaltet ein einj&auml;hriges Berufskolleg und dauert somit vier Jahre.<\/p>\n<p>In Niedersachsen ist kein Berufspraktikum n&ouml;tig. Daf&uuml;r wird vorab die 2-j&auml;hrige Ausbildung zur staatlich gepr&uuml;ften Sozialassistentin mit Schwerpunkt Sozialp&auml;dagogik verlangt. <\/p>\n<p>In Nordrhein-Westfalen werden 4-j&auml;hrige Ausbildungen angeboten, mit denen die allgemeine Hochschulreife erworben wird.<\/p>\n<\/p>\n<p class=\"highlighted\">\n<p><strong>M&ouml;glichkeiten zur Verk&uuml;rzung der Ausbildung<\/strong><\/p>\n<\/p>\n<p><p>Je nach Landesrecht kann die Ausbildung unter bestimmten Voraussetzungen verk&uuml;rzt werden. <br \/>\nUnter Umst&auml;nden ist es m&ouml;glich, das Anerkennungsjahr auf sechs Monate zu verk&uuml;rzen, wenn vor der Ausbildung ein freiwilliges soziales Jahr oder Zivildienst absolviert oder eigene Kinder erzogen wurden. Bei vorhergehender, erfolgreich abgeschlossener Ausbildung zur staatlich gepr&uuml;ften Kinderpflegerin oder staatlich gepr&uuml;ften Erziehungshelferin und einem entsprechend guten Notendurchschnitt bei der Abschlusspr&uuml;fung zur Erzieherin, besteht die M&ouml;glichkeit, dass das Anerkennungsjahr ganz entf&auml;llt. Nach dem nach Bestehen bestimmter Aufnahmepr&uuml;fungen, beginnt die Ausbildung in Bayern und Hessen direkt im zweiten Schuljahr. Fachschulausbildungen derselben Fachrichtung k&ouml;nnen ebenfalls auf die Ausbildung angerechnet werden. Eine Verk&uuml;rzung der Ausbildungszeit ist auch mit einer Fachhochschulreife oder Studienleistungen im Bereich Sozialp&auml;dagogik denkbar.<\/p>\n<\/p>\n<p><p>Als ausgebildete Erzieher k&ouml;nnt Ihr hier auf Yoopies Euer Profil einstellen und Eure Dienste als Babysitter oder Tagesmutter mit entsprechender Qualifikation privat anbieten und Kontakt zu Eltern und anderen Betreuern aufnehmen. Vielleicht m&ouml;chtet Ihr Euch auch mit anderen Betreuern zusammenschlie&szlig;en und eine <a href=\"https:\/\/yoopies.de\/c\/grosstagespflege-zwischen-kita-und-tagesmutter\">Kindergro&szlig;tagespflegest&auml;tte<\/a> gr&uuml;nden. Auch hier ist Yoopies die perfekte Plattform f&uuml;r Euch!<\/p><\/p>\n","protected":false},"excerpt":{"rendered":"<p>Bild \u00a9 Anastasiya Gepp\/Pexels.com Als Erzieher\/innen bezeichnet man p&auml;dagogische Fachkr&auml;fte, die ein entsprechende Ausbildung an &hellip; <\/p>\n","protected":false},"author":10,"featured_media":241,"parent":45,"menu_order":0,"comment_status":"closed","ping_status":"closed","template":"","meta":{"_acf_changed":false,"footnotes":""},"class_list":["post-238","page","type-page","status-publish","has-post-thumbnail","hentry"],"acf":[],"yoast_head":"<!-- This site is optimized with the Yoast SEO plugin v26.9 - https:\/\/yoast.com\/product\/yoast-seo-wordpress\/ -->\n<title>Ausbildung als Erzieherin - alle Infos kompakt!<\/title>\n<meta name=\"description\" content=\"Du interessierst dich f\u00fcr den Erzieherberuf? Yoopies erkl\u00e4rt, welche Voraussetzungen und Sonderregelungen f\u00fcr die Ausbildung zum Erzieher bzw. zur Erzieherin gelten, informiert \u00fcber das praktische Anerkennungsjahr f\u00fcr Erzieher und mehr!...\" \/>\n<meta name=\"robots\" content=\"index, follow, max-snippet:-1, max-image-preview:large, max-video-preview:-1\" \/>\n<link rel=\"canonical\" href=\"https:\/\/yoopies.de\/c\/eltern-ratgeber-fuer-babysitter\/ausbildung-als-erzieherin\/\" \/>\n<meta property=\"og:locale\" content=\"de_DE\" \/>\n<meta property=\"og:type\" content=\"article\" \/>\n<meta property=\"og:title\" content=\"Ausbildung als Erzieherin - alle Infos kompakt!\" \/>\n<meta property=\"og:description\" content=\"Du interessierst dich f\u00fcr den Erzieherberuf? Yoopies erkl\u00e4rt, welche Voraussetzungen und Sonderregelungen f\u00fcr die Ausbildung zum Erzieher bzw. zur Erzieherin gelten, informiert \u00fcber das praktische Anerkennungsjahr f\u00fcr Erzieher und mehr!...\" \/>\n<meta property=\"og:url\" content=\"https:\/\/yoopies.de\/c\/eltern-ratgeber-fuer-babysitter\/ausbildung-als-erzieherin\/\" \/>\n<meta property=\"og:site_name\" content=\"Yoopies Deutschland\" \/>\n<meta property=\"article:modified_time\" content=\"2025-06-12T08:42:36+00:00\" \/>\n<meta property=\"og:image\" content=\"https:\/\/yoopies.de\/c\/wp-content\/uploads\/sites\/5\/2020\/04\/422e7eee28ce56574c7ddfdbc9408773b993cfd1-adolescent-attractive-backpack-1462630.jpg\" \/>\n\t<meta property=\"og:image:width\" content=\"1200\" \/>\n\t<meta property=\"og:image:height\" content=\"800\" \/>\n\t<meta property=\"og:image:type\" content=\"image\/jpeg\" \/>\n<meta name=\"twitter:card\" content=\"summary_large_image\" \/>\n<meta name=\"twitter:label1\" content=\"Gesch\u00e4tzte Lesezeit\" \/>\n\t<meta name=\"twitter:data1\" content=\"9\u00a0Minuten\" \/>\n<script type=\"application\/ld+json\" class=\"yoast-schema-graph\">{\"@context\":\"https:\/\/schema.org\",\"@graph\":[{\"@type\":\"WebPage\",\"@id\":\"https:\/\/yoopies.de\/c\/eltern-ratgeber-fuer-babysitter\/ausbildung-als-erzieherin\/\",\"url\":\"https:\/\/yoopies.de\/c\/eltern-ratgeber-fuer-babysitter\/ausbildung-als-erzieherin\/\",\"name\":\"Ausbildung als Erzieherin - alle Infos kompakt!\",\"isPartOf\":{\"@id\":\"https:\/\/yoopies.de\/c\/#website\"},\"primaryImageOfPage\":{\"@id\":\"https:\/\/yoopies.de\/c\/eltern-ratgeber-fuer-babysitter\/ausbildung-als-erzieherin\/#primaryimage\"},\"image\":{\"@id\":\"https:\/\/yoopies.de\/c\/eltern-ratgeber-fuer-babysitter\/ausbildung-als-erzieherin\/#primaryimage\"},\"thumbnailUrl\":\"https:\/\/yoopies.de\/c\/wp-content\/uploads\/sites\/5\/2020\/04\/422e7eee28ce56574c7ddfdbc9408773b993cfd1-adolescent-attractive-backpack-1462630.jpg\",\"datePublished\":\"2020-04-29T17:28:56+00:00\",\"dateModified\":\"2025-06-12T08:42:36+00:00\",\"description\":\"Du interessierst dich f\u00fcr den Erzieherberuf? Yoopies erkl\u00e4rt, welche Voraussetzungen und Sonderregelungen f\u00fcr die Ausbildung zum Erzieher bzw. zur Erzieherin gelten, informiert \u00fcber das praktische Anerkennungsjahr f\u00fcr Erzieher und mehr!...\",\"breadcrumb\":{\"@id\":\"https:\/\/yoopies.de\/c\/eltern-ratgeber-fuer-babysitter\/ausbildung-als-erzieherin\/#breadcrumb\"},\"inLanguage\":\"de\",\"potentialAction\":[{\"@type\":\"ReadAction\",\"target\":[\"https:\/\/yoopies.de\/c\/eltern-ratgeber-fuer-babysitter\/ausbildung-als-erzieherin\/\"]}]},{\"@type\":\"ImageObject\",\"inLanguage\":\"de\",\"@id\":\"https:\/\/yoopies.de\/c\/eltern-ratgeber-fuer-babysitter\/ausbildung-als-erzieherin\/#primaryimage\",\"url\":\"https:\/\/yoopies.de\/c\/wp-content\/uploads\/sites\/5\/2020\/04\/422e7eee28ce56574c7ddfdbc9408773b993cfd1-adolescent-attractive-backpack-1462630.jpg\",\"contentUrl\":\"https:\/\/yoopies.de\/c\/wp-content\/uploads\/sites\/5\/2020\/04\/422e7eee28ce56574c7ddfdbc9408773b993cfd1-adolescent-attractive-backpack-1462630.jpg\",\"width\":1200,\"height\":800},{\"@type\":\"BreadcrumbList\",\"@id\":\"https:\/\/yoopies.de\/c\/eltern-ratgeber-fuer-babysitter\/ausbildung-als-erzieherin\/#breadcrumb\",\"itemListElement\":[{\"@type\":\"ListItem\",\"position\":1,\"name\":\"Home\",\"item\":\"https:\/\/yoopies.de\/c\/\"},{\"@type\":\"ListItem\",\"position\":2,\"name\":\"Der Ratgeber von Yoopies f\u00fcr\u00a0Babysitter\",\"item\":\"https:\/\/yoopies.de\/c\/eltern-ratgeber-fuer-babysitter\/\"},{\"@type\":\"ListItem\",\"position\":3,\"name\":\"Ausbildung zur Erzieherin &#8211; alle Infos kompakt!\"}]},{\"@type\":\"WebSite\",\"@id\":\"https:\/\/yoopies.de\/c\/#website\",\"url\":\"https:\/\/yoopies.de\/c\/\",\"name\":\"Yoopies Deutschland\",\"description\":\"\",\"potentialAction\":[{\"@type\":\"SearchAction\",\"target\":{\"@type\":\"EntryPoint\",\"urlTemplate\":\"https:\/\/yoopies.de\/c\/?s={search_term_string}\"},\"query-input\":{\"@type\":\"PropertyValueSpecification\",\"valueRequired\":true,\"valueName\":\"search_term_string\"}}],\"inLanguage\":\"de\"}]}<\/script>\n<!-- \/ Yoast SEO plugin. -->","yoast_head_json":{"title":"Ausbildung als Erzieherin - alle Infos kompakt!","description":"Du interessierst dich f\u00fcr den Erzieherberuf? Yoopies erkl\u00e4rt, welche Voraussetzungen und Sonderregelungen f\u00fcr die Ausbildung zum Erzieher bzw. zur Erzieherin gelten, informiert \u00fcber das praktische Anerkennungsjahr f\u00fcr Erzieher und mehr!...","robots":{"index":"index","follow":"follow","max-snippet":"max-snippet:-1","max-image-preview":"max-image-preview:large","max-video-preview":"max-video-preview:-1"},"canonical":"https:\/\/yoopies.de\/c\/eltern-ratgeber-fuer-babysitter\/ausbildung-als-erzieherin\/","og_locale":"de_DE","og_type":"article","og_title":"Ausbildung als Erzieherin - alle Infos kompakt!","og_description":"Du interessierst dich f\u00fcr den Erzieherberuf? Yoopies erkl\u00e4rt, welche Voraussetzungen und Sonderregelungen f\u00fcr die Ausbildung zum Erzieher bzw. zur Erzieherin gelten, informiert \u00fcber das praktische Anerkennungsjahr f\u00fcr Erzieher und mehr!...","og_url":"https:\/\/yoopies.de\/c\/eltern-ratgeber-fuer-babysitter\/ausbildung-als-erzieherin\/","og_site_name":"Yoopies Deutschland","article_modified_time":"2025-06-12T08:42:36+00:00","og_image":[{"width":1200,"height":800,"url":"https:\/\/yoopies.de\/c\/wp-content\/uploads\/sites\/5\/2020\/04\/422e7eee28ce56574c7ddfdbc9408773b993cfd1-adolescent-attractive-backpack-1462630.jpg","type":"image\/jpeg"}],"twitter_card":"summary_large_image","twitter_misc":{"Gesch\u00e4tzte Lesezeit":"9\u00a0Minuten"},"schema":{"@context":"https:\/\/schema.org","@graph":[{"@type":"WebPage","@id":"https:\/\/yoopies.de\/c\/eltern-ratgeber-fuer-babysitter\/ausbildung-als-erzieherin\/","url":"https:\/\/yoopies.de\/c\/eltern-ratgeber-fuer-babysitter\/ausbildung-als-erzieherin\/","name":"Ausbildung als Erzieherin - alle Infos kompakt!","isPartOf":{"@id":"https:\/\/yoopies.de\/c\/#website"},"primaryImageOfPage":{"@id":"https:\/\/yoopies.de\/c\/eltern-ratgeber-fuer-babysitter\/ausbildung-als-erzieherin\/#primaryimage"},"image":{"@id":"https:\/\/yoopies.de\/c\/eltern-ratgeber-fuer-babysitter\/ausbildung-als-erzieherin\/#primaryimage"},"thumbnailUrl":"https:\/\/yoopies.de\/c\/wp-content\/uploads\/sites\/5\/2020\/04\/422e7eee28ce56574c7ddfdbc9408773b993cfd1-adolescent-attractive-backpack-1462630.jpg","datePublished":"2020-04-29T17:28:56+00:00","dateModified":"2025-06-12T08:42:36+00:00","description":"Du interessierst dich f\u00fcr den Erzieherberuf? Yoopies erkl\u00e4rt, welche Voraussetzungen und Sonderregelungen f\u00fcr die Ausbildung zum Erzieher bzw. zur Erzieherin gelten, informiert \u00fcber das praktische Anerkennungsjahr f\u00fcr Erzieher und mehr!...","breadcrumb":{"@id":"https:\/\/yoopies.de\/c\/eltern-ratgeber-fuer-babysitter\/ausbildung-als-erzieherin\/#breadcrumb"},"inLanguage":"de","potentialAction":[{"@type":"ReadAction","target":["https:\/\/yoopies.de\/c\/eltern-ratgeber-fuer-babysitter\/ausbildung-als-erzieherin\/"]}]},{"@type":"ImageObject","inLanguage":"de","@id":"https:\/\/yoopies.de\/c\/eltern-ratgeber-fuer-babysitter\/ausbildung-als-erzieherin\/#primaryimage","url":"https:\/\/yoopies.de\/c\/wp-content\/uploads\/sites\/5\/2020\/04\/422e7eee28ce56574c7ddfdbc9408773b993cfd1-adolescent-attractive-backpack-1462630.jpg","contentUrl":"https:\/\/yoopies.de\/c\/wp-content\/uploads\/sites\/5\/2020\/04\/422e7eee28ce56574c7ddfdbc9408773b993cfd1-adolescent-attractive-backpack-1462630.jpg","width":1200,"height":800},{"@type":"BreadcrumbList","@id":"https:\/\/yoopies.de\/c\/eltern-ratgeber-fuer-babysitter\/ausbildung-als-erzieherin\/#breadcrumb","itemListElement":[{"@type":"ListItem","position":1,"name":"Home","item":"https:\/\/yoopies.de\/c\/"},{"@type":"ListItem","position":2,"name":"Der Ratgeber von Yoopies f\u00fcr\u00a0Babysitter","item":"https:\/\/yoopies.de\/c\/eltern-ratgeber-fuer-babysitter\/"},{"@type":"ListItem","position":3,"name":"Ausbildung zur Erzieherin &#8211; alle Infos kompakt!"}]},{"@type":"WebSite","@id":"https:\/\/yoopies.de\/c\/#website","url":"https:\/\/yoopies.de\/c\/","name":"Yoopies Deutschland","description":"","potentialAction":[{"@type":"SearchAction","target":{"@type":"EntryPoint","urlTemplate":"https:\/\/yoopies.de\/c\/?s={search_term_string}"},"query-input":{"@type":"PropertyValueSpecification","valueRequired":true,"valueName":"search_term_string"}}],"inLanguage":"de"}]}},"_links":{"self":[{"href":"https:\/\/yoopies.de\/c\/wp-json\/wp\/v2\/pages\/238","targetHints":{"allow":["GET"]}}],"collection":[{"href":"https:\/\/yoopies.de\/c\/wp-json\/wp\/v2\/pages"}],"about":[{"href":"https:\/\/yoopies.de\/c\/wp-json\/wp\/v2\/types\/page"}],"author":[{"embeddable":true,"href":"https:\/\/yoopies.de\/c\/wp-json\/wp\/v2\/users\/10"}],"replies":[{"embeddable":true,"href":"https:\/\/yoopies.de\/c\/wp-json\/wp\/v2\/comments?post=238"}],"version-history":[{"count":1,"href":"https:\/\/yoopies.de\/c\/wp-json\/wp\/v2\/pages\/238\/revisions"}],"predecessor-version":[{"id":242,"href":"https:\/\/yoopies.de\/c\/wp-json\/wp\/v2\/pages\/238\/revisions\/242"}],"up":[{"embeddable":true,"href":"https:\/\/yoopies.de\/c\/wp-json\/wp\/v2\/pages\/45"}],"wp:featuredmedia":[{"embeddable":true,"href":"https:\/\/yoopies.de\/c\/wp-json\/wp\/v2\/media\/241"}],"wp:attachment":[{"href":"https:\/\/yoopies.de\/c\/wp-json\/wp\/v2\/media?parent=238"}],"curies":[{"name":"wp","href":"https:\/\/api.w.org\/{rel}","templated":true}]}}