{"id":230,"date":"2022-10-25T07:25:45","date_gmt":"2022-10-25T07:25:45","guid":{"rendered":"https:\/\/blog.yoopies.de\/eltern-ratgeber-fuer-babysitter\/nanny-werden\/"},"modified":"2025-06-12T08:42:36","modified_gmt":"2025-06-12T08:42:36","slug":"nanny-werden","status":"publish","type":"page","link":"https:\/\/yoopies.de\/c\/eltern-ratgeber-fuer-babysitter\/nanny-werden\/","title":{"rendered":"Alles wie bei Mary Poppins? Nanny als Beruf"},"content":{"rendered":"<figure><img decoding=\"async\" src=\"https:\/\/yoopies.de\/c\/wp-content\/uploads\/sites\/5\/2022\/10\/b33f8887960f6af096f2dd41cc2d8f3ac6ed5fcc-adult-baby-babysitter-755028.jpg\" \/><figcaption>Bild \u00a9 Bruce Mars\/Pexels.com<\/figcaption><\/figure>\n<p><p>Ein Kinderm&auml;dchen, auch Kinderfrau, Kinderfr&auml;ulein oder Nanny genannt, ist eine h&auml;usliche Angestellte oder seltener eine selbstst&auml;ndige Unternehmerin, welche die Kinder einer Familie betreut. Zu den Aufgaben der Nanny geh&ouml;ren die Betreuung, Pflege und Erziehung der Kinder sowie die Begleitung in schulischen Angelegenheiten wie die Betreuung und Hilfestellung bei den Hausaufgaben und das Lernen des Schulstoffes. Fr&uuml;her wurden Kinderm&auml;dchen oft als Muhme, Kindermagd oder Bonne bezeichnet, heute findet sich der Begriff &bdquo;Manny&ldquo; im umgangssprachlichen Gebrauch f&uuml;r eine m&auml;nnliche Nanny. <\/p>\n<\/p>\n<p class=\"highlighted\">\n<p><strong>Alles wie bei Mary Poppins &#8211; oder doch nicht?<\/strong><\/p>\n<\/p>\n<p><p>Mary Poppins ist die wohl ber&uuml;hmteste Nanny der Welt, die mit viel Herz, Gesang und Abenteuergeschichten und einem magischen, fliegenden Regenschirm zwei Kinder ihrem viel zu besch&auml;ftigten Vater n&auml;herbringt. Auch wenn in den Disney-Filmen, die auf den Mary Poppins Romanen von P. L. Travers basieren, ein F&uuml;nkchen Wahres steckt, ganz so sieht der Arbeitsalltag eines Kinderm&auml;dchens nicht aus.<\/p>\n<\/p>\n<p class=\"highlighted\">\n<p><strong>Die Aufgaben einer Nanny<\/strong><\/p>\n<\/p>\n<p><p>Der Arbeitsumfang eines Kinderm&auml;dchens ist von Fall zu Fall unterschiedlich und wird jeweils vertraglich festgelegt. Zu den &uuml;blichen Aufgaben z&auml;hlen:<\/p>\n<p><strong>&bull;    <\/strong>Die Betreuung der Kinder.<\/p>\n<p><strong>&bull;    <\/strong>Kochen f&uuml;r die Kinder, nach Absprache auch f&uuml;r die ganze Familie.<\/p>\n<p><strong>&bull;    <\/strong>Hausaufgaben und lernen, im Einzelfall auch das Unterrichten einer Fremdsprache.<\/p>\n<p><strong>&bull;    <\/strong>Erziehen der Kinder, oftmals auch das Vorbereiten auf gesellschaftliche Pflichten.<\/p>\n<p><strong>&bull;    <\/strong>Hol- und Bringdienste &ndash; Schule, Sport, Musikunterricht etc.<\/p>\n<p><strong>&bull;    <\/strong>Eink&auml;ufe und Erledigungen f&uuml;r die Kinder und nach Absprache f&uuml;r die gesamte Familie.<\/p>\n<p><strong>&bull;    <\/strong>Aufr&auml;umen der Kinderzimmer, nach Vereinbarung auch die Reinigung des gesamten Haushalts.<\/p>\n<p><strong>&bull;    <\/strong>Waschen der Kinderkleidung, je nach Vertrag auch das Waschen der elterlichen Kleidung und Haushaltsw&auml;sche.<\/p>\n<p><strong>&bull;    <\/strong>Versorgung der Haustiere.<\/p>\n<p><strong>&bull;    <\/strong>Betreuung auf Reisen, Nacht- und Wochenenddienste.<\/p>\n<p><strong>&bull;    <\/strong>Spielen und Freizeitaktivit&auml;ten.<\/p>\n<\/p>\n<p><p>Wie eingangs bereits erw&auml;hnt ist es die Hauptaufgabe des Kinderm&auml;dchens, sich um die Kinder einer Familie zu k&uuml;mmern. Im Gegensatz zu einer Tagesmutter findet die Betreuung aber im Haushalt der Familie und nicht in eigenen R&auml;umlichkeiten statt. In fr&uuml;heren Zeiten war es &uuml;blich, dass die Kinderfrau im Haushalt der Familie lebte. Heutzutage gibt es aber auch Formen der Nanny, die nur zu den Arbeitszeiten anwesend ist und ansonsten eine eigene Bleibe hat. Inwiefern Nachtdienst, Wochenendarbeit und eine Betreuung auf Reisen der Familie in den Aufgabenbereich der Nanny fallen, wird im Einzelfall vertraglich geregelt. Jedoch ist es keine Seltenheit, dass dies von einem Kinderm&auml;dchen erwartet wird. <\/p>\n<p>Neben der Betreuung der Kinder und der Sorge um das seelische und leibliche Wohl, fallen auch die Hilfe bei der Erziehung und Bildung in den Aufgabenbereich von Kinderfrauen oder Kinderm&auml;nnern. Das kann von spielerischer, fr&uuml;hkindlicher Bildung und dem St&auml;rken von sozialen Kompetenzen bis hin zur Hilfestellung bei Hausaufgaben und der Vorbereitung auf Pr&uuml;fungen reichen. Fremd- oder mehrsprachigen Kinderm&auml;dchen wird zudem oftmals auch das Lehren einer Fremdsprache zur Aufgabe gegeben. <\/p>\n<p>Bring- und Holdienste, wie beispielsweise zur und von der Schule, Sport oder Musikunterricht sowie Erledigungen f&uuml;r die Kinder und das Aufr&auml;umen der Kinderzimmer sind ebenso ein Bestandteil der t&auml;glichen Aufgaben einer Nanny. Zus&auml;tzlich hilft das Kinderm&auml;dchen h&auml;ufig auch bei allen anfallenden Arbeiten im Haushalt. Sie w&auml;scht z. B. die W&auml;sche der Familie, k&uuml;mmert sich um die Haustiere und Blumen, erledigt Eink&auml;ufe und Boteng&auml;nge und putzt die Wohnung oder das Haus. Diese Aufgaben, die nicht direkt die Kinderbetreuung betreffen, unterscheiden das Berufsbild der Kinderfrau von dem der Tagesmutter. Inwiefern solche zus&auml;tzlichen Aufgaben Teil der Arbeit sind, wird ebenso im Einzelfall vertraglich festgelegt.<\/p>\n<\/p>\n<p class=\"highlighted\">\n<p><strong>Arbeitszeiten und berufliches Verh&auml;ltnis eines Kinderm&auml;dchens<\/strong><\/p>\n<\/p>\n<p><p>Die Arbeitszeiten von verschiedenen Kinderfrauen k&ouml;nnten unterschiedlicher gar nicht sein. Je nach Bedarf der Familie k&ouml;nnen diese von Teilzeit bis Vollzeit reichen. Manche Familien ben&ouml;tigen die Nanny auch nachts und &uuml;ber die Wochenenden, w&auml;hrend andere lediglich die eigene Arbeitszeit unter der Woche &uuml;berbr&uuml;cken m&uuml;ssen. Eine gewisse Reisebereitschaft wird h&auml;ufig vorausgesetzt, sodass die Kinder auch in den Ferien oder bei gesch&auml;ftlichen Reisen der Eltern betreut werden. Ebenso fallen oftmals &Uuml;berstunden an sowie die Arbeit an Wochenenden und nachts. Inwiefern diese extra vergolten werden, wird im Einzelfall festgelegt. Dies sind Punkte, die in jedem Vertrag geregelt werden sollten, um sp&auml;ter Unstimmigkeiten zu meiden. <\/p>\n<p>In den meisten F&auml;llen sind Nannys Angestellte des Hauses, die ein festes Gehalt und eventuelle Boni erhalten. Sie unterstehen somit auch den &uuml;blichen arbeits- und sozialrechtlichen Bestimmungen. Sie haben Anspruch auf bezahlten Urlaub, Lohnfortzahlung im Krankheitsfall, je nach Krankenversicherung haben sie zudem Anspruch auf Krankentagegeld, Mutterschaftsgeld und Krankengeld im Fall eines l&auml;ngeren, krankheitsbedingten Ausfalls. Des Weiteren sind sie wie jeder Angestellte auch sozial- und rentenversichert und der Arbeitgeber &uuml;bernimmt den &uuml;blichen Anteil zur gesetzlichen Krankenversicherung. Eine Unfallversicherung f&uuml;r Arbeitsunf&auml;lle besteht ebenso &uuml;ber den Arbeitgeber. Als Angestellte haben Nannys zudem einen Anspruch auf Mutterschutz und Elternzeit.<\/p>\n<p>In der heutigen Zeit kommt es auch immer h&auml;ufiger vor, dass die Nanny selbstst&auml;ndig auf Rechnung arbeitet. In diesem Fall werden die Rahmenbedingungen wie Arbeitszeit und Aufgaben zwar auch vertraglich geregelt, aber um Sozial- und Krankenversicherung, sowie die Unfallversicherung muss sich das Kinderm&auml;dchen selbst k&uuml;mmern. Es besteht kein gesetzlicher K&uuml;ndigungsschutz, kein Anspruch auf bezahlten Urlaub, keine Gehaltsfortzahlung im Krankheitsfall und kein Anspruch auf Elternzeit. Ob Krankengeld oder Mutterschaftsgeld bezahlt werden, h&auml;ngt von der Art der Krankenversicherung ab. <\/p>\n<\/p>\n<p class=\"highlighted\">\n<p><strong>Welche Qualifizierung wird ben&ouml;tigt?<\/strong><\/p>\n<\/p>\n<p><p>Im Gegensatz zu <a href=\"https:\/\/yoopies.de\/c\/tagesmutter-als-beruf\">Tagesm&uuml;ttern<\/a> m&uuml;ssen Kinderm&auml;dchen keinerlei Qualifizierung aufweisen. In vielen F&auml;llen handelt es sich aber um Quereinsteiger, die eine abgeschlossene Ausbildung oder sogar ein Studium im sozialen Bereich verweisen k&ouml;nnen. Das Spektrum reicht von Kinderg&auml;rtner\/innen &uuml;ber Kinderkrankenschwestern und Kinderkrankenpflegern bis hin zu Erzieher\/innen und Absolventen eines Sozialp&auml;dagogik Studiums. Aber auch die Qualifikation zur Tagesmutter &uuml;ber das <a href=\"https:\/\/www.unterstuetzung-die-ankommt.de\/de\/\">Jugendamt<\/a> und die entsprechende Pflegeerlaubnis werden h&auml;ufig von den Arbeitgebern akzeptiert. Jahrelange Berufserfahrung mit entsprechend guten Referenzen sind ebenfalls denkbar f&uuml;r den Einstieg in den Beruf als Kinderm&auml;dchen. Quereinsteiger ohne Erfahrung oder Vorbildung kommen hingegen nur selten vor.<\/p>\n<\/p>\n<p class=\"highlighted\">\n<p><strong>Was verdient man als Nanny?<\/strong><\/p>\n<\/p>\n<p><p>Die Frage, die sich Interessierte nat&uuml;rlich stellen, ist der Verdienst eines Kinderm&auml;dchens. Dieser h&auml;ngt sehr stark von diversen Faktoren ab:<\/p>\n<p><strong>&bull;    <\/strong>Art des Vertrages, angestellt oder selbstst&auml;ndig,<\/p>\n<p><strong>&bull;    <\/strong>Arbeit am Wochenende und Nachtschichten,<\/p>\n<p><strong>&bull;    <\/strong>Reisebereitschaft,<\/p>\n<p><strong>&bull;    <\/strong>Anzahl der zu betreuenden Kinder,<\/p>\n<p><strong>&bull;    <\/strong>Wohnort,<\/p>\n<p><strong>&bull;    <\/strong>Monatliche Arbeitszeit,<\/p>\n<p><strong>&bull;    <\/strong>Erfahrung und Referenzen.<\/p>\n<p>Im Schnitt kann man als Kinderm&auml;dchen in Vollzeitanstellung mit einem Nettoverdienst von ca. 1.500 &euro; bis 2.500 &euro; rechnen. &Uuml;berstunden, Wochenend- und Nachtzuschl&auml;ge sowie Reiseboni k&ouml;nnen je nach Vertrag zus&auml;tzlich verg&uuml;tet werden. Auch als selbstst&auml;ndige Nanny kann sich der Nettoverdienst in diesem Bereich ansiedeln. Allerdings muss man vorab gut durchrechnen welche zus&auml;tzlichen Ausgaben anfallen um einen entsprechend guten Bruttostundensatz anzuschlagen.<\/p>\n<p>In beiden F&auml;llen ist es zudem sinnvoll, eine gute Berufshaftpflichtversicherung abzuschlie&szlig;en, die ebenfalls mit einberechnet werden muss. Dar&uuml;ber hinaus sollte ein guter Vertrag f&uuml;r ein Kinderm&auml;dchen, egal ob selbstst&auml;ndig oder angestellt, mehrere Seiten umfassen und alle Eventualit&auml;ten abdecken. Dazu geh&ouml;ren Boni f&uuml;r &Uuml;berstunden, Nacht- und Wochenendarbeit, die Begleitung auf Reisen und gegebenenfalls Kost und Logis, sowie wie der Urlaubsanspruch. Auch als selbstst&auml;ndige Kinderfrau sollten Sie sich einen gewissen Urlaub &#8211; bezahlt oder unbezahlt &#8211; zusichern lassen. Jedwede Aufgaben sollten ebenso vertraglich geregelt sein wie Krankheit, Arbeitsausf&auml;lle mit Schuldlast auf der Seite des Arbeitgebers sowie K&uuml;ndigungsfristen. Da diese f&uuml;r Selbstst&auml;ndige nicht gesetzlich geregelt sind, empfiehlt es sich besonders diese in den Vertrag mit aufzunehmen. <\/p>\n<p>Wenn Du nun als Nanny durchstarten m&ouml;chtest oder einfach eine neue Herausforderung in einer neuen Familie suchst, bei Yoopies kannst Du einfach mit suchenden Familien Kontakt aufnehmen und Dich finden lassen! Nur magische Regenschirme, mit denen Du fliegen kannst haben wir leider nicht. <\/p>\n<\/p>\n<p><a class=\"button\" href=\"https:\/\/yoopies.de\/jobs\">Jetzt passende Familie finden!<\/a><\/p>\n","protected":false},"excerpt":{"rendered":"<p>Bild \u00a9 Bruce Mars\/Pexels.com Ein Kinderm&auml;dchen, auch Kinderfrau, Kinderfr&auml;ulein oder Nanny genannt, ist eine h&auml;usliche &hellip; <\/p>\n","protected":false},"author":10,"featured_media":232,"parent":45,"menu_order":0,"comment_status":"closed","ping_status":"closed","template":"","meta":{"_acf_changed":false,"footnotes":""},"class_list":["post-230","page","type-page","status-publish","has-post-thumbnail","hentry"],"acf":[],"yoast_head":"<!-- This site is optimized with the Yoast SEO plugin v26.9 - https:\/\/yoast.com\/product\/yoast-seo-wordpress\/ -->\n<title>Alles wie bei Mary Poppins? Kinderm\u00e4dchen als Beruf<\/title>\n<meta name=\"description\" content=\"Wie sieht der Alltag einer Nanny aus, welche Qualifikationen ben\u00f6tigt eine Kinderfrau bzw. ein Kinderm\u00e4dchen?\" \/>\n<meta name=\"robots\" content=\"index, follow, max-snippet:-1, max-image-preview:large, max-video-preview:-1\" \/>\n<link rel=\"canonical\" href=\"https:\/\/yoopies.de\/c\/eltern-ratgeber-fuer-babysitter\/nanny-werden\/\" \/>\n<meta property=\"og:locale\" content=\"de_DE\" \/>\n<meta property=\"og:type\" content=\"article\" \/>\n<meta property=\"og:title\" content=\"Alles wie bei Mary Poppins? Kinderm\u00e4dchen als Beruf\" \/>\n<meta property=\"og:description\" content=\"Wie sieht der Alltag einer Nanny aus, welche Qualifikationen ben\u00f6tigt eine Kinderfrau bzw. ein Kinderm\u00e4dchen?\" \/>\n<meta property=\"og:url\" content=\"https:\/\/yoopies.de\/c\/eltern-ratgeber-fuer-babysitter\/nanny-werden\/\" \/>\n<meta property=\"og:site_name\" content=\"Yoopies Deutschland\" \/>\n<meta property=\"article:modified_time\" content=\"2025-06-12T08:42:36+00:00\" \/>\n<meta property=\"og:image\" content=\"https:\/\/yoopies.de\/c\/wp-content\/uploads\/sites\/5\/2022\/10\/b33f8887960f6af096f2dd41cc2d8f3ac6ed5fcc-adult-baby-babysitter-755028-1.jpg\" \/>\n\t<meta property=\"og:image:width\" content=\"2900\" \/>\n\t<meta property=\"og:image:height\" content=\"1933\" \/>\n\t<meta property=\"og:image:type\" content=\"image\/jpeg\" \/>\n<meta name=\"twitter:card\" content=\"summary_large_image\" \/>\n<meta name=\"twitter:label1\" content=\"Gesch\u00e4tzte Lesezeit\" \/>\n\t<meta name=\"twitter:data1\" content=\"7\u00a0Minuten\" \/>\n<script type=\"application\/ld+json\" class=\"yoast-schema-graph\">{\"@context\":\"https:\/\/schema.org\",\"@graph\":[{\"@type\":\"WebPage\",\"@id\":\"https:\/\/yoopies.de\/c\/eltern-ratgeber-fuer-babysitter\/nanny-werden\/\",\"url\":\"https:\/\/yoopies.de\/c\/eltern-ratgeber-fuer-babysitter\/nanny-werden\/\",\"name\":\"Alles wie bei Mary Poppins? Kinderm\u00e4dchen als Beruf\",\"isPartOf\":{\"@id\":\"https:\/\/yoopies.de\/c\/#website\"},\"primaryImageOfPage\":{\"@id\":\"https:\/\/yoopies.de\/c\/eltern-ratgeber-fuer-babysitter\/nanny-werden\/#primaryimage\"},\"image\":{\"@id\":\"https:\/\/yoopies.de\/c\/eltern-ratgeber-fuer-babysitter\/nanny-werden\/#primaryimage\"},\"thumbnailUrl\":\"https:\/\/yoopies.de\/c\/wp-content\/uploads\/sites\/5\/2022\/10\/b33f8887960f6af096f2dd41cc2d8f3ac6ed5fcc-adult-baby-babysitter-755028-1.jpg\",\"datePublished\":\"2022-10-25T07:25:45+00:00\",\"dateModified\":\"2025-06-12T08:42:36+00:00\",\"description\":\"Wie sieht der Alltag einer Nanny aus, welche Qualifikationen ben\u00f6tigt eine Kinderfrau bzw. ein Kinderm\u00e4dchen?\",\"breadcrumb\":{\"@id\":\"https:\/\/yoopies.de\/c\/eltern-ratgeber-fuer-babysitter\/nanny-werden\/#breadcrumb\"},\"inLanguage\":\"de\",\"potentialAction\":[{\"@type\":\"ReadAction\",\"target\":[\"https:\/\/yoopies.de\/c\/eltern-ratgeber-fuer-babysitter\/nanny-werden\/\"]}]},{\"@type\":\"ImageObject\",\"inLanguage\":\"de\",\"@id\":\"https:\/\/yoopies.de\/c\/eltern-ratgeber-fuer-babysitter\/nanny-werden\/#primaryimage\",\"url\":\"https:\/\/yoopies.de\/c\/wp-content\/uploads\/sites\/5\/2022\/10\/b33f8887960f6af096f2dd41cc2d8f3ac6ed5fcc-adult-baby-babysitter-755028-1.jpg\",\"contentUrl\":\"https:\/\/yoopies.de\/c\/wp-content\/uploads\/sites\/5\/2022\/10\/b33f8887960f6af096f2dd41cc2d8f3ac6ed5fcc-adult-baby-babysitter-755028-1.jpg\",\"width\":2900,\"height\":1933},{\"@type\":\"BreadcrumbList\",\"@id\":\"https:\/\/yoopies.de\/c\/eltern-ratgeber-fuer-babysitter\/nanny-werden\/#breadcrumb\",\"itemListElement\":[{\"@type\":\"ListItem\",\"position\":1,\"name\":\"Home\",\"item\":\"https:\/\/yoopies.de\/c\/\"},{\"@type\":\"ListItem\",\"position\":2,\"name\":\"Der Ratgeber von Yoopies f\u00fcr\u00a0Babysitter\",\"item\":\"https:\/\/yoopies.de\/c\/eltern-ratgeber-fuer-babysitter\/\"},{\"@type\":\"ListItem\",\"position\":3,\"name\":\"Alles wie bei Mary Poppins? Nanny als Beruf\"}]},{\"@type\":\"WebSite\",\"@id\":\"https:\/\/yoopies.de\/c\/#website\",\"url\":\"https:\/\/yoopies.de\/c\/\",\"name\":\"Yoopies Deutschland\",\"description\":\"\",\"potentialAction\":[{\"@type\":\"SearchAction\",\"target\":{\"@type\":\"EntryPoint\",\"urlTemplate\":\"https:\/\/yoopies.de\/c\/?s={search_term_string}\"},\"query-input\":{\"@type\":\"PropertyValueSpecification\",\"valueRequired\":true,\"valueName\":\"search_term_string\"}}],\"inLanguage\":\"de\"}]}<\/script>\n<!-- \/ Yoast SEO plugin. -->","yoast_head_json":{"title":"Alles wie bei Mary Poppins? Kinderm\u00e4dchen als Beruf","description":"Wie sieht der Alltag einer Nanny aus, welche Qualifikationen ben\u00f6tigt eine Kinderfrau bzw. ein Kinderm\u00e4dchen?","robots":{"index":"index","follow":"follow","max-snippet":"max-snippet:-1","max-image-preview":"max-image-preview:large","max-video-preview":"max-video-preview:-1"},"canonical":"https:\/\/yoopies.de\/c\/eltern-ratgeber-fuer-babysitter\/nanny-werden\/","og_locale":"de_DE","og_type":"article","og_title":"Alles wie bei Mary Poppins? Kinderm\u00e4dchen als Beruf","og_description":"Wie sieht der Alltag einer Nanny aus, welche Qualifikationen ben\u00f6tigt eine Kinderfrau bzw. ein Kinderm\u00e4dchen?","og_url":"https:\/\/yoopies.de\/c\/eltern-ratgeber-fuer-babysitter\/nanny-werden\/","og_site_name":"Yoopies Deutschland","article_modified_time":"2025-06-12T08:42:36+00:00","og_image":[{"width":2900,"height":1933,"url":"https:\/\/yoopies.de\/c\/wp-content\/uploads\/sites\/5\/2022\/10\/b33f8887960f6af096f2dd41cc2d8f3ac6ed5fcc-adult-baby-babysitter-755028-1.jpg","type":"image\/jpeg"}],"twitter_card":"summary_large_image","twitter_misc":{"Gesch\u00e4tzte Lesezeit":"7\u00a0Minuten"},"schema":{"@context":"https:\/\/schema.org","@graph":[{"@type":"WebPage","@id":"https:\/\/yoopies.de\/c\/eltern-ratgeber-fuer-babysitter\/nanny-werden\/","url":"https:\/\/yoopies.de\/c\/eltern-ratgeber-fuer-babysitter\/nanny-werden\/","name":"Alles wie bei Mary Poppins? Kinderm\u00e4dchen als Beruf","isPartOf":{"@id":"https:\/\/yoopies.de\/c\/#website"},"primaryImageOfPage":{"@id":"https:\/\/yoopies.de\/c\/eltern-ratgeber-fuer-babysitter\/nanny-werden\/#primaryimage"},"image":{"@id":"https:\/\/yoopies.de\/c\/eltern-ratgeber-fuer-babysitter\/nanny-werden\/#primaryimage"},"thumbnailUrl":"https:\/\/yoopies.de\/c\/wp-content\/uploads\/sites\/5\/2022\/10\/b33f8887960f6af096f2dd41cc2d8f3ac6ed5fcc-adult-baby-babysitter-755028-1.jpg","datePublished":"2022-10-25T07:25:45+00:00","dateModified":"2025-06-12T08:42:36+00:00","description":"Wie sieht der Alltag einer Nanny aus, welche Qualifikationen ben\u00f6tigt eine Kinderfrau bzw. ein Kinderm\u00e4dchen?","breadcrumb":{"@id":"https:\/\/yoopies.de\/c\/eltern-ratgeber-fuer-babysitter\/nanny-werden\/#breadcrumb"},"inLanguage":"de","potentialAction":[{"@type":"ReadAction","target":["https:\/\/yoopies.de\/c\/eltern-ratgeber-fuer-babysitter\/nanny-werden\/"]}]},{"@type":"ImageObject","inLanguage":"de","@id":"https:\/\/yoopies.de\/c\/eltern-ratgeber-fuer-babysitter\/nanny-werden\/#primaryimage","url":"https:\/\/yoopies.de\/c\/wp-content\/uploads\/sites\/5\/2022\/10\/b33f8887960f6af096f2dd41cc2d8f3ac6ed5fcc-adult-baby-babysitter-755028-1.jpg","contentUrl":"https:\/\/yoopies.de\/c\/wp-content\/uploads\/sites\/5\/2022\/10\/b33f8887960f6af096f2dd41cc2d8f3ac6ed5fcc-adult-baby-babysitter-755028-1.jpg","width":2900,"height":1933},{"@type":"BreadcrumbList","@id":"https:\/\/yoopies.de\/c\/eltern-ratgeber-fuer-babysitter\/nanny-werden\/#breadcrumb","itemListElement":[{"@type":"ListItem","position":1,"name":"Home","item":"https:\/\/yoopies.de\/c\/"},{"@type":"ListItem","position":2,"name":"Der Ratgeber von Yoopies f\u00fcr\u00a0Babysitter","item":"https:\/\/yoopies.de\/c\/eltern-ratgeber-fuer-babysitter\/"},{"@type":"ListItem","position":3,"name":"Alles wie bei Mary Poppins? Nanny als Beruf"}]},{"@type":"WebSite","@id":"https:\/\/yoopies.de\/c\/#website","url":"https:\/\/yoopies.de\/c\/","name":"Yoopies Deutschland","description":"","potentialAction":[{"@type":"SearchAction","target":{"@type":"EntryPoint","urlTemplate":"https:\/\/yoopies.de\/c\/?s={search_term_string}"},"query-input":{"@type":"PropertyValueSpecification","valueRequired":true,"valueName":"search_term_string"}}],"inLanguage":"de"}]}},"_links":{"self":[{"href":"https:\/\/yoopies.de\/c\/wp-json\/wp\/v2\/pages\/230","targetHints":{"allow":["GET"]}}],"collection":[{"href":"https:\/\/yoopies.de\/c\/wp-json\/wp\/v2\/pages"}],"about":[{"href":"https:\/\/yoopies.de\/c\/wp-json\/wp\/v2\/types\/page"}],"author":[{"embeddable":true,"href":"https:\/\/yoopies.de\/c\/wp-json\/wp\/v2\/users\/10"}],"replies":[{"embeddable":true,"href":"https:\/\/yoopies.de\/c\/wp-json\/wp\/v2\/comments?post=230"}],"version-history":[{"count":1,"href":"https:\/\/yoopies.de\/c\/wp-json\/wp\/v2\/pages\/230\/revisions"}],"predecessor-version":[{"id":233,"href":"https:\/\/yoopies.de\/c\/wp-json\/wp\/v2\/pages\/230\/revisions\/233"}],"up":[{"embeddable":true,"href":"https:\/\/yoopies.de\/c\/wp-json\/wp\/v2\/pages\/45"}],"wp:featuredmedia":[{"embeddable":true,"href":"https:\/\/yoopies.de\/c\/wp-json\/wp\/v2\/media\/232"}],"wp:attachment":[{"href":"https:\/\/yoopies.de\/c\/wp-json\/wp\/v2\/media?parent=230"}],"curies":[{"name":"wp","href":"https:\/\/api.w.org\/{rel}","templated":true}]}}