{"id":215,"date":"2019-07-18T10:59:54","date_gmt":"2019-07-18T10:59:54","guid":{"rendered":"https:\/\/blog.yoopies.de\/kindergeld-infos-kompakt\/"},"modified":"2025-06-12T08:42:37","modified_gmt":"2025-06-12T08:42:37","slug":"kindergeld-infos-kompakt","status":"publish","type":"page","link":"https:\/\/yoopies.de\/c\/kindergeld-infos-kompakt\/","title":{"rendered":"Kindergeld: Wie hoch ist es, wer hat Anspruch und wie stelle ich den Kindergeldantrag?"},"content":{"rendered":"<figure><img decoding=\"async\" src=\"https:\/\/yoopies.de\/c\/wp-content\/uploads\/sites\/5\/2019\/07\/d6a0df126be36df659a1c6f589d0f6fd4a0f19e6-cash-cent-child-1246954.jpg\" \/><figcaption>Bild \u00a9 pexels.com<\/figcaption><\/figure>\n<p><p>Wir alle wissen: Ein Kind ist aus wirtschaftlicher Sicht kein Plusgesch&auml;ft. Ungeachtet der Tatsache, wieviel Freude Kinder in das Leben ihres Umfelds bringen, m&ouml;chten wir uns in diesem Beitrag mit dem Thema der staatlichen Unterst&uuml;tzung f&uuml;r Familien, insbesondere dem Kindergeld besch&auml;ftigen. Wer bekommt was und wie hoch sind die monatlichen Zahlungen? Finde im folgenden Artikel alle Antworten auf die brennenden Fragen zum Thema Kindergeld.<\/p>\n<\/p>\n<p><p><strong>&bull;<\/strong>  Kindergeld bekommen alle Kinder unter 18 Jahren<\/p>\n<p><strong>&bull;<\/strong>  Der Wohnort von Eltern und Kind liegt in Deutschland oder einem anderen EU-Land (bei Steuerpflicht in Deutschland)<\/p>\n<p><strong>&bull;<\/strong>  Kindergeld wird vom ersten Lebenstag des Kindes an gezahlt<\/p>\n<\/p>\n<p><p>Das Kindergeld kann nur eine Person erhalten. Das ist in der Regel die Mutter oder der Vater des Kindes. Es ist aber auch m&ouml;glich, das Kindergeld direkt an das Kind zu &uuml;berweisen. Dazu muss das Kind aber nachweislich einen eigenst&auml;ndigen Haushalt haben und sich allein versorgen &ndash; auch finanziell. Die Eltern d&uuml;rfen keinen Unterhalt zahlen. <\/p>\n<\/p>\n<p><p>Das Kindergeld ist das vom Staat errechnete Existenzminimum eines Kindes, in dem der Bedarf f&uuml;r die Betreuung, die Erziehung und die Ausbildung des Kindes eingerechnet wird. Die H&ouml;he des Kindergeldes richtet sich nach der Anzahl der Kinder. Bisher erhalten Eltern f&uuml;r bis zu zwei Kinder jeweils 194 EUR pro Monat, ab dem dritten Kind 200 EUR sowie ab dem vierten Kind 225 EUR pro Monat. Ab Juli 2019 wird es eine erneute Erh&ouml;hung des Kindergeldes um jeweils 10 EUR geben.<\/p>\n<\/p>\n<p><p>Kindergeld wird zwar grunds&auml;tzlich nur f&uuml;r minderj&auml;hrige Kinder bis zum 18. Lebensjahr gezahlt, unter bestimmten Voraussetzungen besteht aber bis zum vollendeten 25. Lebensjahr ein Anspruch. Wenn das Kind zum ersten Mal eine Schul- oder Berufsausbildung oder ein Studium absolviert, hat es beispielsweise auch &uuml;ber das 18. Lebensjahr hinaus Anspruch auf Kindergeld. Absolviert das Kind bereits eine zweite Ausbildung und arbeitet unabh&auml;ngig vom Verdienst durchschnittlich maximal 20 Stunden pro Woche, dann besteht ebenfalls bis 25 der Anspruch auf eine Kindergeldzahlung.<\/p>\n<\/p>\n<p><p><strong>Unter diesen Voraussetzungen besteht ebenfalls weiterhin Kindergeldanspruch:<\/strong><\/p>\n<\/p>\n<p><strong>&bull;  <\/strong>&Uuml;bergangszeit zwischen Schulabschluss und Ausbildungsbeginn<\/p>\n<p><strong>&bull;<\/strong> Praktikum mit fachlichem Bezug <\/p>\n<p><strong>&bull;<\/strong>  Ableistung des Freiwilligendienstes<\/p>\n<p><strong>&bull;<\/strong>  Kind hat trotz intensiver Bem&uuml;hungen keinen Ausbildungs- oder Arbeitsplatz bekommen<\/p>\n<p><strong>&bull;<\/strong>  Kind hat eine schwere Behinderung (Anspruch u.U. lebenslang)<\/p>\n<\/p>\n<p><p><strong>Hinweis<\/strong>: Wer Kindergeld f&uuml;r ein vollj&auml;hriges Kind bezieht, muss bei &Auml;nderungen der Lebens- und Finanzsituation unbedingt die Familienkasse informieren. Wenn das Kind beispielsweise eine Erwerbst&auml;tigkeit aufnimmt, das Studium- oder die Berufsausbildung wechselt oder in Mutterschutz geht, musst du dies unverz&uuml;glich und selbstst&auml;ndig melden. Andernfalls riskierst du hohe Nachzahlungen. &nbsp;<\/p>\n<\/p>\n<p><p>Dein Kind hat ab dem ersten Lebenstag an einen Anspruch auf Kindergeld. Schon mit dem ersten Schrei beginnt also die B&uuml;rokratie. Du hast Anspruch auf das volle Kindergeld f&uuml;r einen Monat, wenn alle Voraussetzungen wenigstens an einem Tag im Monat erf&uuml;llt wurden. Wenn dein Kind also am 31. M&auml;rz geboren ist, bekommst du f&uuml;r den kompletten M&auml;rz das Kindergeld und nicht nur anteilig f&uuml;r einen Tag. Kindergeld wird nur f&uuml;r 6 Monate r&uuml;ckwirkend gezahlt. In diesem Zeitraum nach der Geburt muss der vollst&auml;ndig ausgef&uuml;llte Antrag bei der zust&auml;ndigen Familienkasse vorliegen.  Und so geht&#8217;s:<\/p>\n<\/p>\n<p><p><strong>1.  F&uuml;lle den Kindergeldantrag online aus<\/strong><\/p>\n<p>Auf der Homepage der <a href=\"https:\/\/www.arbeitsagentur.de\/familie-und-kinderhttps:\/\/\">Agentur f&uuml;r Arbeit<\/a> findest du das Formular, mit dem Sie das Kindergeld online beantragen kannst. Es besteht aus 3 Spalten: Pers&ouml;nliche Daten, Bankverbindung und Kinder. <\/p>\n<\/p>\n<p><p><strong>2.  Antrag verschl&uuml;sselt an die Familienkasse &uuml;bermitteln<\/strong><\/p>\n<p>Nachdem du alle Felder gewissenhaft ausgef&uuml;llt hast, versendest du den Antrag digital an die Familienkasse. <\/p>\n<\/p>\n<p><p><strong>3.  Antrag auf Papier ausdrucken und unterschreiben<\/strong><\/p>\n<p>Dein Antrag wird nur dann ber&uuml;cksichtigt, wenn du das Formular im Anschluss ausdruckst und unterschreibst. Versende den ausgedruckten Antrag im Anschluss unterschrieben an die Postadresse der Familienkasse.<\/p>\n<\/p>\n<p><p>Du musst diesen Antrag nur einmal stellen und erh&auml;ltst dann 18 Jahre lang automatisch jeden Monat Kindergeld. Du bist aber in der Pflicht, der Familienkasse &Auml;nderungen mitzuteilen, wenn du beispielsweise in ein Nicht-EU-Land auswanderst oder der Anspruch aus anderweitigen Gr&uuml;nden erlischt. <\/p>\n<\/p>\n<p><p>Nicht alle Eltern bekommen das Kindergeld am selben Tag. Es gibt verschiedene Auszahlungstermine, die auf der Seite der Bundesagentur f&uuml;r Arbeit ver&ouml;ffentlicht werden. Du bekommst f&uuml;r jedes Kind eine Kindergeldnummer. Die letzte Ziffer dieser Nummer entscheidet dar&uuml;ber, wann du mit der Auszahlung rechnen kannst. Die jeweiligen Auszahlungstermine werden f&uuml;r das gesamte Jahr angezeigt. <\/p>\n<\/p>\n<p><p><strong>Tipp<\/strong>: Je h&ouml;her die Ziffer am Ende der Kindergeldnummer ist, desto sp&auml;ter wird das Kindergeld im Monat ausgezahlt. Endet die Nummer mit einer &bdquo;0&ldquo;, kannst du die Zahlung am Monatsanfang erwarten. Endet die Kindergeldnummer mit einer &bdquo;9&ldquo;, dann bekommest du das Geld am Monatsende. <\/p>\n<\/p>\n<p><p>Der Kindergeldzuschlag ist eine Erg&auml;nzung zum Kindergeld. Dieser Zuschlag steht Elternpaaren und Alleinerziehenden zu, die ein geringes Einkommen haben. Um einen Kindergeldzuschlag zu bekommen, m&uuml;ssen die folgenden 4 Voraussetzungen erf&uuml;llt sein: <\/p>\n<\/p>\n<p><p><strong>&bull;<\/strong>  Das Kind hat Anspruch auf Kindergeld und bekommt dieses von der Familienkasse<\/p>\n<p><strong>&bull;  <\/strong>Das Monatseinkommen der Eltern liegt &uuml;ber 900 EUR und bei Alleinerziehenden &uuml;ber 600 EUR<\/p>\n<p><strong>&bull;  <\/strong>Der individuell berechnete H&ouml;chstbetrag darf nicht &uuml;berschritten sein<\/p>\n<p><strong>&bull;<\/strong>  Es darf kein Anspruch auf Arbeitslosengeld II oder Sozialgeld bestehen<\/p>\n<\/p>\n<p><p>Der Kindergeldzuschlag soll Geringverdiener unterst&uuml;tzen. Die H&ouml;he des Zuschlags liegt bei maximal 170,00 EUR im Monat. Er wird individuell f&uuml;r jede Familie berechnet. <\/p>\n<\/p>\n<p><p>Wenn Eltern sich trennen, muss sich die ganze Familie neu aufstellen &ndash; auch in finanzieller Hinsicht. Das Kindergeld bekommt vollst&auml;ndig derjenige, bei dem das Kind wohnt. Auch wenn Eltern sich dar&uuml;ber einigen, sich das Sorgerecht zu teilen und das Kind zu gleichen Anteilen bei der Mutter und beim Vater wohnt, wird das Kindergeld nur vollst&auml;ndig an ein Elternteil ausgezahlt. Das soll weder ein Vor- noch ein Nachteil eines der beiden Elternteile sein. Das Kindergeld wird aus rechtlicher Sicht dem Kind zugeordnet. Die Eltern sollten es also entsprechend auch f&uuml;r den Unterhalt des Kindes verwenden.<\/p>\n<\/p>\n<p><p>In einigen Familienkonstellationen lebt das Kind nicht im Haushalt der Eltern, wird aber mit einberechnet. Dazu ein Beispiel. Die Mutter bringt 2 leibliche Kinder mit in eine neue Beziehung, die dort auch aufwachsen. Der neue Partner hat ein leibliches Kind, das jedoch bei der Mutter aufw&auml;chst, die f&uuml;r das Kind auch das Kindergeld bekommt. Das leibliche Kind wird trotzdem beim Kindergeldanspruch ber&uuml;cksichtigt: Die beiden leiblichen Kinder der neuen Frau werden als Kind 2 und 3 gez&auml;hlt und bekommen daher den Zuschlag, der ab dem 3. Kind gezahlt wird. <\/p>\n<\/p>\n<p><a class=\"button\" href=\"https:\/\/yoopies.de\/\">Jetzt Kinderbetreuung finden!<\/a><\/p>\n","protected":false},"excerpt":{"rendered":"<p>Bild \u00a9 pexels.com Wir alle wissen: Ein Kind ist aus wirtschaftlicher Sicht kein Plusgesch&auml;ft. Ungeachtet &hellip; <\/p>\n","protected":false},"author":10,"featured_media":217,"parent":0,"menu_order":0,"comment_status":"closed","ping_status":"closed","template":"","meta":{"_acf_changed":false,"footnotes":""},"class_list":["post-215","page","type-page","status-publish","has-post-thumbnail","hentry"],"acf":[],"yoast_head":"<!-- This site is optimized with the Yoast SEO plugin v26.9 - https:\/\/yoast.com\/product\/yoast-seo-wordpress\/ -->\n<title>Kindergeld: Alle Infos zu H\u00f6he, Anspruch und Antragstellung<\/title>\n<meta name=\"description\" content=\"Wieviel Kindergeld bekomme ich f\u00fcr mein Kind? Wie lange wird es gezahlt? Und wie funktioniert die Antragstellung? Yoopies hat die Infos f\u00fcr euch im \u00dcberblick!\" \/>\n<meta name=\"robots\" content=\"index, follow, max-snippet:-1, max-image-preview:large, max-video-preview:-1\" \/>\n<link rel=\"canonical\" href=\"https:\/\/yoopies.de\/c\/kindergeld-infos-kompakt\/\" \/>\n<meta property=\"og:locale\" content=\"de_DE\" \/>\n<meta property=\"og:type\" content=\"article\" \/>\n<meta property=\"og:title\" content=\"Kindergeld: Alle Infos zu H\u00f6he, Anspruch und Antragstellung\" \/>\n<meta property=\"og:description\" content=\"Wieviel Kindergeld bekomme ich f\u00fcr mein Kind? Wie lange wird es gezahlt? Und wie funktioniert die Antragstellung? Yoopies hat die Infos f\u00fcr euch im \u00dcberblick!\" \/>\n<meta property=\"og:url\" content=\"https:\/\/yoopies.de\/c\/kindergeld-infos-kompakt\/\" \/>\n<meta property=\"og:site_name\" content=\"Yoopies Deutschland\" \/>\n<meta property=\"article:modified_time\" content=\"2025-06-12T08:42:37+00:00\" \/>\n<meta property=\"og:image\" content=\"https:\/\/yoopies.de\/c\/wp-content\/uploads\/sites\/5\/2019\/07\/d6a0df126be36df659a1c6f589d0f6fd4a0f19e6-cash-cent-child-1246954-1.jpg\" \/>\n\t<meta property=\"og:image:width\" content=\"1280\" \/>\n\t<meta property=\"og:image:height\" content=\"854\" \/>\n\t<meta property=\"og:image:type\" content=\"image\/jpeg\" \/>\n<meta name=\"twitter:card\" content=\"summary_large_image\" \/>\n<meta name=\"twitter:label1\" content=\"Gesch\u00e4tzte Lesezeit\" \/>\n\t<meta name=\"twitter:data1\" content=\"6\u00a0Minuten\" \/>\n<script type=\"application\/ld+json\" class=\"yoast-schema-graph\">{\"@context\":\"https:\/\/schema.org\",\"@graph\":[{\"@type\":\"WebPage\",\"@id\":\"https:\/\/yoopies.de\/c\/kindergeld-infos-kompakt\/\",\"url\":\"https:\/\/yoopies.de\/c\/kindergeld-infos-kompakt\/\",\"name\":\"Kindergeld: Alle Infos zu H\u00f6he, Anspruch und Antragstellung\",\"isPartOf\":{\"@id\":\"https:\/\/yoopies.de\/c\/#website\"},\"primaryImageOfPage\":{\"@id\":\"https:\/\/yoopies.de\/c\/kindergeld-infos-kompakt\/#primaryimage\"},\"image\":{\"@id\":\"https:\/\/yoopies.de\/c\/kindergeld-infos-kompakt\/#primaryimage\"},\"thumbnailUrl\":\"https:\/\/yoopies.de\/c\/wp-content\/uploads\/sites\/5\/2019\/07\/d6a0df126be36df659a1c6f589d0f6fd4a0f19e6-cash-cent-child-1246954-1.jpg\",\"datePublished\":\"2019-07-18T10:59:54+00:00\",\"dateModified\":\"2025-06-12T08:42:37+00:00\",\"description\":\"Wieviel Kindergeld bekomme ich f\u00fcr mein Kind? Wie lange wird es gezahlt? Und wie funktioniert die Antragstellung? Yoopies hat die Infos f\u00fcr euch im \u00dcberblick!\",\"breadcrumb\":{\"@id\":\"https:\/\/yoopies.de\/c\/kindergeld-infos-kompakt\/#breadcrumb\"},\"inLanguage\":\"de\",\"potentialAction\":[{\"@type\":\"ReadAction\",\"target\":[\"https:\/\/yoopies.de\/c\/kindergeld-infos-kompakt\/\"]}]},{\"@type\":\"ImageObject\",\"inLanguage\":\"de\",\"@id\":\"https:\/\/yoopies.de\/c\/kindergeld-infos-kompakt\/#primaryimage\",\"url\":\"https:\/\/yoopies.de\/c\/wp-content\/uploads\/sites\/5\/2019\/07\/d6a0df126be36df659a1c6f589d0f6fd4a0f19e6-cash-cent-child-1246954-1.jpg\",\"contentUrl\":\"https:\/\/yoopies.de\/c\/wp-content\/uploads\/sites\/5\/2019\/07\/d6a0df126be36df659a1c6f589d0f6fd4a0f19e6-cash-cent-child-1246954-1.jpg\",\"width\":1280,\"height\":854},{\"@type\":\"BreadcrumbList\",\"@id\":\"https:\/\/yoopies.de\/c\/kindergeld-infos-kompakt\/#breadcrumb\",\"itemListElement\":[{\"@type\":\"ListItem\",\"position\":1,\"name\":\"Home\",\"item\":\"https:\/\/yoopies.de\/c\/\"},{\"@type\":\"ListItem\",\"position\":2,\"name\":\"Kindergeld: Wie hoch ist es, wer hat Anspruch und wie stelle ich den Kindergeldantrag?\"}]},{\"@type\":\"WebSite\",\"@id\":\"https:\/\/yoopies.de\/c\/#website\",\"url\":\"https:\/\/yoopies.de\/c\/\",\"name\":\"Yoopies Deutschland\",\"description\":\"\",\"potentialAction\":[{\"@type\":\"SearchAction\",\"target\":{\"@type\":\"EntryPoint\",\"urlTemplate\":\"https:\/\/yoopies.de\/c\/?s={search_term_string}\"},\"query-input\":{\"@type\":\"PropertyValueSpecification\",\"valueRequired\":true,\"valueName\":\"search_term_string\"}}],\"inLanguage\":\"de\"}]}<\/script>\n<!-- \/ Yoast SEO plugin. -->","yoast_head_json":{"title":"Kindergeld: Alle Infos zu H\u00f6he, Anspruch und Antragstellung","description":"Wieviel Kindergeld bekomme ich f\u00fcr mein Kind? Wie lange wird es gezahlt? Und wie funktioniert die Antragstellung? Yoopies hat die Infos f\u00fcr euch im \u00dcberblick!","robots":{"index":"index","follow":"follow","max-snippet":"max-snippet:-1","max-image-preview":"max-image-preview:large","max-video-preview":"max-video-preview:-1"},"canonical":"https:\/\/yoopies.de\/c\/kindergeld-infos-kompakt\/","og_locale":"de_DE","og_type":"article","og_title":"Kindergeld: Alle Infos zu H\u00f6he, Anspruch und Antragstellung","og_description":"Wieviel Kindergeld bekomme ich f\u00fcr mein Kind? Wie lange wird es gezahlt? Und wie funktioniert die Antragstellung? Yoopies hat die Infos f\u00fcr euch im \u00dcberblick!","og_url":"https:\/\/yoopies.de\/c\/kindergeld-infos-kompakt\/","og_site_name":"Yoopies Deutschland","article_modified_time":"2025-06-12T08:42:37+00:00","og_image":[{"width":1280,"height":854,"url":"https:\/\/yoopies.de\/c\/wp-content\/uploads\/sites\/5\/2019\/07\/d6a0df126be36df659a1c6f589d0f6fd4a0f19e6-cash-cent-child-1246954-1.jpg","type":"image\/jpeg"}],"twitter_card":"summary_large_image","twitter_misc":{"Gesch\u00e4tzte Lesezeit":"6\u00a0Minuten"},"schema":{"@context":"https:\/\/schema.org","@graph":[{"@type":"WebPage","@id":"https:\/\/yoopies.de\/c\/kindergeld-infos-kompakt\/","url":"https:\/\/yoopies.de\/c\/kindergeld-infos-kompakt\/","name":"Kindergeld: Alle Infos zu H\u00f6he, Anspruch und Antragstellung","isPartOf":{"@id":"https:\/\/yoopies.de\/c\/#website"},"primaryImageOfPage":{"@id":"https:\/\/yoopies.de\/c\/kindergeld-infos-kompakt\/#primaryimage"},"image":{"@id":"https:\/\/yoopies.de\/c\/kindergeld-infos-kompakt\/#primaryimage"},"thumbnailUrl":"https:\/\/yoopies.de\/c\/wp-content\/uploads\/sites\/5\/2019\/07\/d6a0df126be36df659a1c6f589d0f6fd4a0f19e6-cash-cent-child-1246954-1.jpg","datePublished":"2019-07-18T10:59:54+00:00","dateModified":"2025-06-12T08:42:37+00:00","description":"Wieviel Kindergeld bekomme ich f\u00fcr mein Kind? Wie lange wird es gezahlt? Und wie funktioniert die Antragstellung? Yoopies hat die Infos f\u00fcr euch im \u00dcberblick!","breadcrumb":{"@id":"https:\/\/yoopies.de\/c\/kindergeld-infos-kompakt\/#breadcrumb"},"inLanguage":"de","potentialAction":[{"@type":"ReadAction","target":["https:\/\/yoopies.de\/c\/kindergeld-infos-kompakt\/"]}]},{"@type":"ImageObject","inLanguage":"de","@id":"https:\/\/yoopies.de\/c\/kindergeld-infos-kompakt\/#primaryimage","url":"https:\/\/yoopies.de\/c\/wp-content\/uploads\/sites\/5\/2019\/07\/d6a0df126be36df659a1c6f589d0f6fd4a0f19e6-cash-cent-child-1246954-1.jpg","contentUrl":"https:\/\/yoopies.de\/c\/wp-content\/uploads\/sites\/5\/2019\/07\/d6a0df126be36df659a1c6f589d0f6fd4a0f19e6-cash-cent-child-1246954-1.jpg","width":1280,"height":854},{"@type":"BreadcrumbList","@id":"https:\/\/yoopies.de\/c\/kindergeld-infos-kompakt\/#breadcrumb","itemListElement":[{"@type":"ListItem","position":1,"name":"Home","item":"https:\/\/yoopies.de\/c\/"},{"@type":"ListItem","position":2,"name":"Kindergeld: Wie hoch ist es, wer hat Anspruch und wie stelle ich den Kindergeldantrag?"}]},{"@type":"WebSite","@id":"https:\/\/yoopies.de\/c\/#website","url":"https:\/\/yoopies.de\/c\/","name":"Yoopies Deutschland","description":"","potentialAction":[{"@type":"SearchAction","target":{"@type":"EntryPoint","urlTemplate":"https:\/\/yoopies.de\/c\/?s={search_term_string}"},"query-input":{"@type":"PropertyValueSpecification","valueRequired":true,"valueName":"search_term_string"}}],"inLanguage":"de"}]}},"_links":{"self":[{"href":"https:\/\/yoopies.de\/c\/wp-json\/wp\/v2\/pages\/215","targetHints":{"allow":["GET"]}}],"collection":[{"href":"https:\/\/yoopies.de\/c\/wp-json\/wp\/v2\/pages"}],"about":[{"href":"https:\/\/yoopies.de\/c\/wp-json\/wp\/v2\/types\/page"}],"author":[{"embeddable":true,"href":"https:\/\/yoopies.de\/c\/wp-json\/wp\/v2\/users\/10"}],"replies":[{"embeddable":true,"href":"https:\/\/yoopies.de\/c\/wp-json\/wp\/v2\/comments?post=215"}],"version-history":[{"count":1,"href":"https:\/\/yoopies.de\/c\/wp-json\/wp\/v2\/pages\/215\/revisions"}],"predecessor-version":[{"id":218,"href":"https:\/\/yoopies.de\/c\/wp-json\/wp\/v2\/pages\/215\/revisions\/218"}],"wp:featuredmedia":[{"embeddable":true,"href":"https:\/\/yoopies.de\/c\/wp-json\/wp\/v2\/media\/217"}],"wp:attachment":[{"href":"https:\/\/yoopies.de\/c\/wp-json\/wp\/v2\/media?parent=215"}],"curies":[{"name":"wp","href":"https:\/\/api.w.org\/{rel}","templated":true}]}}