{"id":20,"date":"2022-10-25T07:24:42","date_gmt":"2022-10-25T07:24:42","guid":{"rendered":"https:\/\/blog.yoopies.de\/wie-werde-ich-nachhilfelehrer\/"},"modified":"2025-06-12T08:42:38","modified_gmt":"2025-06-12T08:42:38","slug":"wie-werde-ich-nachhilfelehrer","status":"publish","type":"page","link":"https:\/\/yoopies.de\/c\/wie-werde-ich-nachhilfelehrer\/","title":{"rendered":"Wie werde ich Nachhilfelehrer?"},"content":{"rendered":"<p><p>Die Arbeit als Nachhilfelehrer kann f&uuml;r viele Menschen, die ihr Einkommen aufbessern wollen, w&auml;hrend sie gleichzeitig arbeiten oder studieren, die perfekte L&ouml;sung sein. Aufgrund der Flexibilit&auml;t und der pers&ouml;nlichen Kontrolle, die Sie &uuml;ber Ihre T&auml;tigkeit haben, ist dies eine Teilzeitbesch&auml;ftigung, die oft von Studenten bevorzugt wird und regelm&auml;&szlig;ig als eine der besten Teilzeitbesch&auml;ftigungen anerkannt wird.<\/p>\n<p>Zu wissen, wie man Nachhilfelehrer wird, wie man Nachhilfesch&uuml;ler findet und was von einem Nachhilfelehrer erwartet wird, kann &uuml;berw&auml;ltigend sein, wenn man zum ersten Mal in die Welt der Nachhilfe einsteigt. Wenn man sich jedoch die Grundlagen angeeignet hat, kann dies nicht nur eine gro&szlig;artige Verdienstm&ouml;glichkeit sein, sondern auch unsch&auml;tzbare F&uuml;hrungserfahrung f&uuml;r die Zukunft bieten.<\/p>\n<p>Um dir zu helfen, Informationen &uuml;ber all diese Themen und alles, was du &uuml;ber Nachhilfe wissen musst, zu finden, lies unseren praktischen Ratgeber zum Thema &#8222;Wie werde ich Nachhilfelehrer&#8220;.<\/p>\n<\/p>\n<p><p class=\"block-img\"><img decoding=\"async\" src=\"https:\/\/yoopies.de\/c\/wp-content\/uploads\/sites\/5\/2022\/10\/52991621-cb7a-44ab-8dcd-e89ba4f74117_pexels-olia-danilevich-508818128129.jpg\" alt=\"\"><\/p>\n<h3>Welche Arten von Nachhilfe gibt es?<\/h3>\n<\/p>\n<p>Du hast die M&ouml;glichkeit deine Sch&uuml;ler direkt bei ihnen, bei dir <strong>zu Hause<\/strong>, oder aber auch <strong>Online <\/strong>zu unterrichten.<\/p>\n<p>Um ein m&ouml;glichst gro&szlig;es Publikum anzusprechen, ist es hilfreich, beide Arten von Nachhilfe anzubieten.Wenn du jedoch nicht in der Lage bist, beide Arten von Nachhilfe anzubieten, mach dir keine Sorgen, das ist nicht unbedingt notwendig, um trotzdem ein erfolgreicher Nachhilfelehrer zu werden! Online-Nachhilfe ist zweifellos die flexiblere und leichter zug&auml;ngliche Option, kann aber auch mehr Vorbereitung erfordern.<\/p>\n<h3>Vorteile der Online-Nachhilfe:<\/h3>\n<\/p>\n<p>Wie bereits erw&auml;hnt, ist Nachhilfe bei Sch&uuml;lern aus mehreren Gr&uuml;nden ein beliebter Nebenjob. Erstens: Wenn du dich auf einer Online-Plattform wie Yoopies als Nachhilfelehrer anmeldest, kannst du deine Rolle als Nachhilfelehrer extrem flexibel gestalten, da du selbst entscheiden kannst, wie wenig oder wie oft du arbeiten m&ouml;chtest und mit wie vielen Kindern oder Einzelpersonen du arbeiten m&ouml;chtest. Du kannst also deinen eigenen Zeitplan festlegen und deine Nachhilfestunden mit einem anderen Job oder deinem eigenen Studium, z. B. an einer Hochschule oder Universit&auml;t, vereinbaren. Wir wissen, dass das Leben als Student teuer ist. Warum also nicht die Nachhilfe zu Ihrem ultimativen Nebenverdienst machen und daf&uuml;r bezahlt werden, dass man anderen Studenten hilft, etwas besser zu verstehen, was man bereits wei&szlig;!<\/p>\n<\/p>\n<p>Die T&auml;tigkeit als Nachhilfelehrer ist auch in anderer Hinsicht flexibel, denn dank des Online-Nachhilfeunterrichts kann sie von fast &uuml;berall aus ausge&uuml;bt werden.<\/p>\n<p>Die Nachfrage nach Nachhilfelehrern ist in den letzten Jahren nicht nur gestiegen, sondern die Tarife sind auch wettbewerbsf&auml;higer geworden. so dass du bequem von zu Hause aus ein lukratives Einkommen erzielen kannst!<\/p>\n<\/p>\n<p><p class=\"block-img\"><img decoding=\"async\" src=\"https:\/\/yoopies.de\/c\/wp-content\/uploads\/sites\/5\/2022\/10\/a8e0d42f-79b4-4529-a92b-b89dc30a0cba_pexels-august-de-richelieu-4260482.jpg\" alt=\"\"><\/p>\n<h3>Hier sind ein paar Tipps, wie du die Nachhilfestunden erfolgreich gestalten kannst:<\/h3>\n<\/p>\n<ul>\n<li><strong>Probestunde: <\/strong>Eine Probestunde kann hilfreich sein, um herauszufinden auf welchem Niveau sich dein Sch&uuml;ler bewegt, wo liegen seine St&auml;rken, wo besteht Nachholbedarf und ihr merkt auch gleich, ob ihr euch sympathisch seid.<\/li>\n<li><strong>Regeln festlegen: <\/strong>Es ist wichtig, dass dein Nachhilfesch&uuml;ler sich an gewisse Grundregeln h&auml;lt. Der Sch&uuml;ler sollte zum vereinbarten Stundenbeginn p&uuml;nktlich erscheinen und sollte der Termin nicht eingehalten werden k&ouml;nnen, muss auch rechtzeitig abgesagt wird.Wenn du Hausaufgaben gegeben hast, m&uuml;ssen diese auch erledigt werden<\/li>\n<li><strong>Unterricht vorbereiten: <\/strong>Bereite dich auf den Unterricht vor. Stelle sicher, dass du alle notwendigen Unterlagen dabei hast.<\/li>\n<li><strong>Gehe auf deine Sch&uuml;ler ein: <\/strong>Kinder sind unterschiedlich, es kann gut sein, dass Methode A bei einem Sch&uuml;ler sehr gut funktioniert, bei einem anderen aber &uuml;berhaupt nicht. Fasse den Lernstoff zusammen und wiederhole in regelm&auml;&szlig;ig. Du kannst auch verschiedene Lernmethoden verwenden.<\/li>\n<li><strong>Motivation: <\/strong>Vergiss nicht den Sch&uuml;ler zu loben und ermutige ihn auch bei R&uuml;ckschl&auml;gen, um seine Motivation aufrecht zu erhalten.<\/li>\n<\/ul>\n<p><h3>Wieviel kann ich als Nachhilfelehrer pro Stunde verlangen?<\/h3>\n<p>Generell kannst du zwischen 10 &euro; und 20  die Stunde verlangen. Der Stundenlohn h&auml;ngt allerdings von unterschiedlichen Faktoren ab und kann nat&uuml;rlich je nach Bedarf verhandelt werden.&nbsp;<\/p>\n<ul>\n<li>Wie lange gibst du bereits Nachhilfe?<\/li>\n<li>Studierst du das Fach, in dem du Hilfe anbietest?<\/li>\n<li>Bist du selbst noch Sch&uuml;ler?&nbsp;<\/li>\n<li>Wie oft findet die Nachhilfe statt, regelm&auml;&szlig;ig oder nur gelegentlich?<\/li>\n<li>Betreust du nur einen oder mehrere Sch&uuml;ler gleichzeitig?<\/li>\n<\/ul>\n<p>&nbsp;<\/p>\n<\/p>\n<p><a class=\"button\" href=\"https:\/\/yoopies.de\/registration\/tutoring\/applicant\">Registriere dich hier und ver\u00f6ffentliche eine Anzeige als Nachhilfelehrer auf Yoopies<\/a><\/p>\n","protected":false},"excerpt":{"rendered":"<p>Die Arbeit als Nachhilfelehrer kann f&uuml;r viele Menschen, die ihr Einkommen aufbessern wollen, w&auml;hrend sie &hellip; <\/p>\n","protected":false},"author":10,"featured_media":23,"parent":0,"menu_order":0,"comment_status":"closed","ping_status":"closed","template":"","meta":{"_acf_changed":false,"footnotes":""},"class_list":["post-20","page","type-page","status-publish","has-post-thumbnail","hentry"],"acf":[],"yoast_head":"<!-- This site is optimized with the Yoast SEO plugin v26.9 - https:\/\/yoast.com\/product\/yoast-seo-wordpress\/ -->\n<title>Als Nachhilfelehrer arbeiten - Tipps und Tricks<\/title>\n<meta name=\"description\" content=\"Nachhilfeunterricht ist eine sehr beliebte Teilzeitbesch\u00e4ftigung f\u00fcr Studenten und junge Berufst\u00e4tige.\" \/>\n<meta name=\"robots\" content=\"index, follow, max-snippet:-1, max-image-preview:large, max-video-preview:-1\" \/>\n<link rel=\"canonical\" href=\"https:\/\/yoopies.de\/c\/wie-werde-ich-nachhilfelehrer\/\" \/>\n<meta property=\"og:locale\" content=\"de_DE\" \/>\n<meta property=\"og:type\" content=\"article\" \/>\n<meta property=\"og:title\" content=\"Als Nachhilfelehrer arbeiten - Tipps und Tricks\" \/>\n<meta property=\"og:description\" content=\"Nachhilfeunterricht ist eine sehr beliebte Teilzeitbesch\u00e4ftigung f\u00fcr Studenten und junge Berufst\u00e4tige.\" \/>\n<meta property=\"og:url\" content=\"https:\/\/yoopies.de\/c\/wie-werde-ich-nachhilfelehrer\/\" \/>\n<meta property=\"og:site_name\" content=\"Yoopies Deutschland\" \/>\n<meta property=\"article:modified_time\" content=\"2025-06-12T08:42:38+00:00\" \/>\n<meta property=\"og:image\" content=\"https:\/\/yoopies.de\/c\/wp-content\/uploads\/sites\/5\/2022\/10\/fcbef86c-8fab-44a1-b0b6-a63ab32e4faa-bernd-klutsch-ne2hv5auxfo-unsplash.jpg\" \/>\n\t<meta property=\"og:image:width\" content=\"1200\" \/>\n\t<meta property=\"og:image:height\" content=\"1805\" \/>\n\t<meta property=\"og:image:type\" content=\"image\/jpeg\" \/>\n<meta name=\"twitter:card\" content=\"summary_large_image\" \/>\n<meta name=\"twitter:label1\" content=\"Gesch\u00e4tzte Lesezeit\" \/>\n\t<meta name=\"twitter:data1\" content=\"4\u00a0Minuten\" \/>\n<script type=\"application\/ld+json\" class=\"yoast-schema-graph\">{\"@context\":\"https:\/\/schema.org\",\"@graph\":[{\"@type\":\"WebPage\",\"@id\":\"https:\/\/yoopies.de\/c\/wie-werde-ich-nachhilfelehrer\/\",\"url\":\"https:\/\/yoopies.de\/c\/wie-werde-ich-nachhilfelehrer\/\",\"name\":\"Als Nachhilfelehrer arbeiten - Tipps und Tricks\",\"isPartOf\":{\"@id\":\"https:\/\/yoopies.de\/c\/#website\"},\"primaryImageOfPage\":{\"@id\":\"https:\/\/yoopies.de\/c\/wie-werde-ich-nachhilfelehrer\/#primaryimage\"},\"image\":{\"@id\":\"https:\/\/yoopies.de\/c\/wie-werde-ich-nachhilfelehrer\/#primaryimage\"},\"thumbnailUrl\":\"https:\/\/yoopies.de\/c\/wp-content\/uploads\/sites\/5\/2022\/10\/fcbef86c-8fab-44a1-b0b6-a63ab32e4faa-bernd-klutsch-ne2hv5auxfo-unsplash.jpg\",\"datePublished\":\"2022-10-25T07:24:42+00:00\",\"dateModified\":\"2025-06-12T08:42:38+00:00\",\"description\":\"Nachhilfeunterricht ist eine sehr beliebte Teilzeitbesch\u00e4ftigung f\u00fcr Studenten und junge Berufst\u00e4tige.\",\"breadcrumb\":{\"@id\":\"https:\/\/yoopies.de\/c\/wie-werde-ich-nachhilfelehrer\/#breadcrumb\"},\"inLanguage\":\"de\",\"potentialAction\":[{\"@type\":\"ReadAction\",\"target\":[\"https:\/\/yoopies.de\/c\/wie-werde-ich-nachhilfelehrer\/\"]}]},{\"@type\":\"ImageObject\",\"inLanguage\":\"de\",\"@id\":\"https:\/\/yoopies.de\/c\/wie-werde-ich-nachhilfelehrer\/#primaryimage\",\"url\":\"https:\/\/yoopies.de\/c\/wp-content\/uploads\/sites\/5\/2022\/10\/fcbef86c-8fab-44a1-b0b6-a63ab32e4faa-bernd-klutsch-ne2hv5auxfo-unsplash.jpg\",\"contentUrl\":\"https:\/\/yoopies.de\/c\/wp-content\/uploads\/sites\/5\/2022\/10\/fcbef86c-8fab-44a1-b0b6-a63ab32e4faa-bernd-klutsch-ne2hv5auxfo-unsplash.jpg\",\"width\":1200,\"height\":1805},{\"@type\":\"BreadcrumbList\",\"@id\":\"https:\/\/yoopies.de\/c\/wie-werde-ich-nachhilfelehrer\/#breadcrumb\",\"itemListElement\":[{\"@type\":\"ListItem\",\"position\":1,\"name\":\"Home\",\"item\":\"https:\/\/yoopies.de\/c\/\"},{\"@type\":\"ListItem\",\"position\":2,\"name\":\"Wie werde ich Nachhilfelehrer?\"}]},{\"@type\":\"WebSite\",\"@id\":\"https:\/\/yoopies.de\/c\/#website\",\"url\":\"https:\/\/yoopies.de\/c\/\",\"name\":\"Yoopies Deutschland\",\"description\":\"\",\"potentialAction\":[{\"@type\":\"SearchAction\",\"target\":{\"@type\":\"EntryPoint\",\"urlTemplate\":\"https:\/\/yoopies.de\/c\/?s={search_term_string}\"},\"query-input\":{\"@type\":\"PropertyValueSpecification\",\"valueRequired\":true,\"valueName\":\"search_term_string\"}}],\"inLanguage\":\"de\"}]}<\/script>\n<!-- \/ Yoast SEO plugin. -->","yoast_head_json":{"title":"Als Nachhilfelehrer arbeiten - Tipps und Tricks","description":"Nachhilfeunterricht ist eine sehr beliebte Teilzeitbesch\u00e4ftigung f\u00fcr Studenten und junge Berufst\u00e4tige.","robots":{"index":"index","follow":"follow","max-snippet":"max-snippet:-1","max-image-preview":"max-image-preview:large","max-video-preview":"max-video-preview:-1"},"canonical":"https:\/\/yoopies.de\/c\/wie-werde-ich-nachhilfelehrer\/","og_locale":"de_DE","og_type":"article","og_title":"Als Nachhilfelehrer arbeiten - Tipps und Tricks","og_description":"Nachhilfeunterricht ist eine sehr beliebte Teilzeitbesch\u00e4ftigung f\u00fcr Studenten und junge Berufst\u00e4tige.","og_url":"https:\/\/yoopies.de\/c\/wie-werde-ich-nachhilfelehrer\/","og_site_name":"Yoopies Deutschland","article_modified_time":"2025-06-12T08:42:38+00:00","og_image":[{"width":1200,"height":1805,"url":"https:\/\/yoopies.de\/c\/wp-content\/uploads\/sites\/5\/2022\/10\/fcbef86c-8fab-44a1-b0b6-a63ab32e4faa-bernd-klutsch-ne2hv5auxfo-unsplash.jpg","type":"image\/jpeg"}],"twitter_card":"summary_large_image","twitter_misc":{"Gesch\u00e4tzte Lesezeit":"4\u00a0Minuten"},"schema":{"@context":"https:\/\/schema.org","@graph":[{"@type":"WebPage","@id":"https:\/\/yoopies.de\/c\/wie-werde-ich-nachhilfelehrer\/","url":"https:\/\/yoopies.de\/c\/wie-werde-ich-nachhilfelehrer\/","name":"Als Nachhilfelehrer arbeiten - Tipps und Tricks","isPartOf":{"@id":"https:\/\/yoopies.de\/c\/#website"},"primaryImageOfPage":{"@id":"https:\/\/yoopies.de\/c\/wie-werde-ich-nachhilfelehrer\/#primaryimage"},"image":{"@id":"https:\/\/yoopies.de\/c\/wie-werde-ich-nachhilfelehrer\/#primaryimage"},"thumbnailUrl":"https:\/\/yoopies.de\/c\/wp-content\/uploads\/sites\/5\/2022\/10\/fcbef86c-8fab-44a1-b0b6-a63ab32e4faa-bernd-klutsch-ne2hv5auxfo-unsplash.jpg","datePublished":"2022-10-25T07:24:42+00:00","dateModified":"2025-06-12T08:42:38+00:00","description":"Nachhilfeunterricht ist eine sehr beliebte Teilzeitbesch\u00e4ftigung f\u00fcr Studenten und junge Berufst\u00e4tige.","breadcrumb":{"@id":"https:\/\/yoopies.de\/c\/wie-werde-ich-nachhilfelehrer\/#breadcrumb"},"inLanguage":"de","potentialAction":[{"@type":"ReadAction","target":["https:\/\/yoopies.de\/c\/wie-werde-ich-nachhilfelehrer\/"]}]},{"@type":"ImageObject","inLanguage":"de","@id":"https:\/\/yoopies.de\/c\/wie-werde-ich-nachhilfelehrer\/#primaryimage","url":"https:\/\/yoopies.de\/c\/wp-content\/uploads\/sites\/5\/2022\/10\/fcbef86c-8fab-44a1-b0b6-a63ab32e4faa-bernd-klutsch-ne2hv5auxfo-unsplash.jpg","contentUrl":"https:\/\/yoopies.de\/c\/wp-content\/uploads\/sites\/5\/2022\/10\/fcbef86c-8fab-44a1-b0b6-a63ab32e4faa-bernd-klutsch-ne2hv5auxfo-unsplash.jpg","width":1200,"height":1805},{"@type":"BreadcrumbList","@id":"https:\/\/yoopies.de\/c\/wie-werde-ich-nachhilfelehrer\/#breadcrumb","itemListElement":[{"@type":"ListItem","position":1,"name":"Home","item":"https:\/\/yoopies.de\/c\/"},{"@type":"ListItem","position":2,"name":"Wie werde ich Nachhilfelehrer?"}]},{"@type":"WebSite","@id":"https:\/\/yoopies.de\/c\/#website","url":"https:\/\/yoopies.de\/c\/","name":"Yoopies Deutschland","description":"","potentialAction":[{"@type":"SearchAction","target":{"@type":"EntryPoint","urlTemplate":"https:\/\/yoopies.de\/c\/?s={search_term_string}"},"query-input":{"@type":"PropertyValueSpecification","valueRequired":true,"valueName":"search_term_string"}}],"inLanguage":"de"}]}},"_links":{"self":[{"href":"https:\/\/yoopies.de\/c\/wp-json\/wp\/v2\/pages\/20","targetHints":{"allow":["GET"]}}],"collection":[{"href":"https:\/\/yoopies.de\/c\/wp-json\/wp\/v2\/pages"}],"about":[{"href":"https:\/\/yoopies.de\/c\/wp-json\/wp\/v2\/types\/page"}],"author":[{"embeddable":true,"href":"https:\/\/yoopies.de\/c\/wp-json\/wp\/v2\/users\/10"}],"replies":[{"embeddable":true,"href":"https:\/\/yoopies.de\/c\/wp-json\/wp\/v2\/comments?post=20"}],"version-history":[{"count":1,"href":"https:\/\/yoopies.de\/c\/wp-json\/wp\/v2\/pages\/20\/revisions"}],"predecessor-version":[{"id":24,"href":"https:\/\/yoopies.de\/c\/wp-json\/wp\/v2\/pages\/20\/revisions\/24"}],"wp:featuredmedia":[{"embeddable":true,"href":"https:\/\/yoopies.de\/c\/wp-json\/wp\/v2\/media\/23"}],"wp:attachment":[{"href":"https:\/\/yoopies.de\/c\/wp-json\/wp\/v2\/media?parent=20"}],"curies":[{"name":"wp","href":"https:\/\/api.w.org\/{rel}","templated":true}]}}