{"id":14,"date":"2022-10-30T07:49:28","date_gmt":"2022-10-30T07:49:28","guid":{"rendered":"https:\/\/blog.yoopies.de\/high-need-baby\/"},"modified":"2025-06-12T08:42:37","modified_gmt":"2025-06-12T08:42:37","slug":"high-need-baby","status":"publish","type":"page","link":"https:\/\/yoopies.de\/c\/high-need-baby\/","title":{"rendered":"High Need Baby &#8211; was macht ein Schreibaby aus? Wie zieht man es auf und ist ein Besuch bei einem Spezialisten ein Muss?"},"content":{"rendered":"<p><h2>High-Need Baby<\/h2>\n<p>Was ist ein High Need Baby, was braucht es von seinen Eltern und was sind die Anzeichen daf&uuml;r, dass das Kind versucht, seine besonderen Bed&uuml;rfnisse durch sein Verhalten zu kommunizieren?<\/p>\n<p>Ein High Need-Baby ist &uuml;berempfindlich, hat ein hohes Bed&uuml;rfnis nach elterlichem Kontakt, ist hyperaktiv (sowohl beim Schlafengehen als auch bei all seinen anderen Aktivit&auml;ten), fordert h&auml;ufiges F&uuml;ttern und Spielen und ist schnell aus der Fassung zu bringen oder unzufrieden. <\/p>\n<p class=\"block-img\"><img decoding=\"async\" src=\"https:\/\/yoopies.de\/c\/wp-content\/uploads\/sites\/5\/2022\/10\/5c5911ff-a749-461c-969e-7c22fe16272d_Cleaning28129.jpg\" alt=\"\"><\/p>\n<\/p>\n<p><a class=\"button\" href=\"https:\/\/yoopies.de\/kinderbetreuung\">Ich suche Kinderbetreuung<\/a><\/p>\n<p><h4>Spezifische Verhaltensweisen des High Need Baby&#8217;s &#8211; kann sich ein Kind von der Masse abheben?<\/h4>\n<p>Das High Need Baby ist ein Kind, das sich auf einfache Art und Weise bemerkbar macht, um die Aufmerksamkeit der Eltern zu bekommen.<\/p>\n<p>Wie in dem Buch von William und Martha Sears beschrieben, schreit ein Baby mit erh&ouml;htem Bedarf viel, um seine Unzufriedenheit und sein Unbehagen zu zeigen. Das Baby kann durch unerw&uuml;nschte Ger&auml;usche, Licht, Ger&uuml;che oder die blo&szlig;e Tatsache, nicht in der Umarmung eines Elternteils zu sein, gest&ouml;rt werden, was sich in dem Bed&uuml;rfnis nach einem angemessenen Umfeld und Ruhe ausdr&uuml;ckt. Das High Need Baby braucht sehr viel N&auml;he zu anderen Menschen, vor allem zur Mutter. Es muss h&auml;ufig geknuddelt und getragen werden, mag keine Einsamkeit und wenn es sich auch nur ein bisschen unwohl f&uuml;hlt, macht es seinen Gef&uuml;hlen durch Weinen Luft. Warnsignale bei S&auml;uglingen sind unzufriedene Laute, Wimmern, geballte F&auml;uste, Gesichtsgrimassen &#8211; man erh&auml;lt allerdings keine Vorwarnung uns es schreit oder weint sofort los.<\/p>\n<\/p>\n<h4>Schlechter Schlaf f&uuml;r Kind und Eltern<\/h4>\n<p>Ein anspruchsvolles Baby zum Schlafen zu bringen, kann f&uuml;r alle Eltern eine echte Herausforderung sein. Das High Need Baby schl&auml;ft nie von alleine ein, es braucht immer die Gesellschaft einer Person, z. B. durch Schaukeln, Kuscheln oder Stillen. H&auml;ufiges Aufwachen ist normal, und die R&uuml;ckkehr in den Schlaf erfolgt in der Regel nicht von allein. Das Baby braucht seine Mutter, um es in der Nacht wieder zu tr&ouml;sten, zu tragen oder zu f&uuml;ttern. Das Einschlafen kann wie ein H&uuml;rdenlauf sein, denn das Baby kann schon durch leises Rascheln aus dem Schlaf geweckt werden. Mit einem High Need Baby die Nacht durchzuschlafen ist nie selbstverst&auml;ndlich.<\/p>\n<h4>Wie verh&auml;lt sich ein High Need Baby, gibt es besondere Merkmale, die es von anderen unterscheidet?<\/h4>\n<p>Das High Need Baby zeichnet sich vor allem durch einen erh&ouml;hten Bedarf an elterlicher Aufmerksamkeit aus. Babys verlangen nach st&auml;ndiger N&auml;he (Tragen, Kuscheln, Schaukeln und F&uuml;ttern), haben Schwierigkeiten beim Einschlafen, wachen oft im Schlaf auf und sind durch Hyperaktivit&auml;t gekennzeichnet.<\/p>\n<p class=\"block-img\"><img decoding=\"async\" src=\"https:\/\/yoopies.de\/c\/wp-content\/uploads\/sites\/5\/2022\/10\/00f807de-8996-4aad-a939-8432d1403d34_Cleaning28329.jpg\" alt=\"\"><\/p>\n<ul>\n<li><strong>Anspruchsvoll <\/strong>&#8211; &auml;u&szlig;ert seine Bed&uuml;rfnisse durch Weinen und Schreien, es will auf diese Weise Unzufriedenheit und Unbehagen ausdr&uuml;cken. Ein Elternteil, das eine Reaktion abwarten will, gie&szlig;t nur Wasser auf die M&uuml;hle, fordernde Kinder geben nicht auf und lassen nicht entmutigen, sondern zeigen ihre Unzufriedenheit noch deutlicher. Das Einfordern der Erf&uuml;llung eines Bed&uuml;rfnisses ist bei High-Need Babies nat&uuml;rlich und eines der wichtigsten Unterscheidungsmerkmale. Das Kind wird seine Unzufriedenheit haupts&auml;chlich durch Weinen und Schreien zum Ausdruck bringen.\n<\/li>\n<li><strong>Intensiv<\/strong> &#8211; man sagt, dass die Intensit&auml;t der Bed&uuml;rfnisse des Kindes das erste Merkmal ist, an dem die Eltern ein High Need Baby erkennen k&ouml;nnen. Aber was ist Intensit&auml;t bei einem Kind? Das Kind l&auml;sst sich als ein Kind beschreiben, das seine Bed&uuml;rfnisse und Gef&uuml;hle unverbl&uuml;mt und beharrlich mitteilt. Er ist laut und hat eine unermessliche Ausdruckskraft. Weint, schreit, lacht zu hundert Prozent.\n<\/li>\n<li><strong>Hei&szlig;hunger<\/strong> &#8211; es isst nicht zu regelm&auml;&szlig;igen Zeiten und auch keine bestimmte Menge. F&uuml;r das High Need Baby ist das Saugen und der Kontakt mit der Haut der Mutter eine M&ouml;glichkeit, sich zu beruhigen .\n<\/li>\n<li><strong>Hyperaktiv<\/strong> &#8211; es ist ein aktives, ungez&uuml;geltes Baby, das die ihm auferlegten Grenzen sehr ablehnt. Ein oft genanntes Beispiel sind Kinder, die einfach nicht im Kinderwagen sitzen wollen.\n<\/li>\n<li><strong>Kontaktfreudig<\/strong> &#8211; die Aufmerksamkeit des Kindes auf ein Spielzeug zu verlieren und sie auf die Eltern zu lenken, ist. Das anspruchsvolle Kind m&ouml;chte fast st&auml;ndig mit seinen Bezugspersonen in Kontakt sein und mag es nicht, wenn es alleine ist oder ignoriert wird &#8211; das teilt es seiner Umgebung auch unmittelbar durch Weinen oder Schreien mit. \n<\/li>\n<li><strong>Nicht absetzen<\/strong> &#8211; ein Baby mit hohem Bedarf allein in einem Kinderbett, Kinderwagen oder Autositz zu lassen, ist meistens ein Fehler. Das High Need Baby wird nicht gerne allein gelassen und braucht st&auml;ndige Aufmerksamkeit.<br \/>\n&Uuml;berempfindlich &#8211; Licht, Ger&auml;usche, Ger&uuml;che &#8211; alles kann due Stimmung des Babies beeinflussen. Das High-Need Baby reagiert schnell, nimmt die Umwelt oft in &uuml;bertriebenen Farben und Formen wahr.\n<\/li>\n<li><strong>Unberechenbar<\/strong> &#8211; nach dem Motto &#8222;Die einzige Konstante im Leben ist die Unberechenbarkeit&#8220;  Die Schlafzeiten des High Need Babys lassen sich nicht festlegen, sie &auml;ndern sich t&auml;glich, das Gleiche gilt auch f&uuml;r das F&uuml;ttern. Was heute funktioniert hat, kann morgen schon wieder ganz anders sein\n<\/li>\n<li><strong>Unzufriedenheit<\/strong> &#8211; das Baby ist oft unzufrieden.<\/li>\n<\/ul>\n<p><p>Die Erziehung eines High Need Babys ist keine leichte Aufgabe und kann f&uuml;r beide Elternteile zu wachsenden Spannungen f&uuml;hren. Jedes Elternteil fragt sich vielleicht, ob die Versorgung des Kindes richtig ist, wenn das Baby nicht aufh&ouml;rt zu weinen oder so viel Aufmerksamkeit und Pflege ben&ouml;tigt. Vorw&uuml;rfe und Schuldzuweisungen f&uuml;r die falsche Art der Betreuung des Kindes sind nicht zielf&uuml;hrend, die Bed&uuml;rfnisse des Kindes verschwinden nicht und der Stress der Eltern &uuml;bertr&auml;gt sich auf das Kind.<\/p>\n<p>Das Verhalten des Kindes kann dazu f&uuml;hren, dass die Eltern verunsichert sind und sich Unterst&uuml;tzung holen wollen. Es ist durchaus angebracht, Menschen um Hilfe zu bitten, die bereits Erfahrung mit der Betreuung anspruchsvoller Kinder haben. Im Internet finden sich Foren oder Gruppen f&uuml;r Eltern, und spezielle Leitf&auml;den f&uuml;r die Erziehung eines High Need Babys, die in die Praxis umgesetzt werden k&ouml;nnen.<\/p>\n<p>Auf keinen Fall sollten Eltern ihr Kind mit anderen Kindern vergleichen und ihre eigene Erziehungsmethode mit der von anderen M&uuml;ttern und V&auml;tern. Das Leben mit einem anspruchsvollen Kind zu bew&auml;ltigen ist kein leichtes Unterfangen. Kinder unterscheiden sich durch ihr Temperament, ihren Humor, ihr Energielevel und viele andere Faktoren. Das High Need Baby reagiert schneller auf Reize aus der Umwelt, macht deutlich, wenn ihm etwas nicht passt und ben&ouml;tigt die N&auml;he der Eltern. Wenn Eltern auf der Suche nach Hilfe bei der Erziehung ihres Kindes sind, k&ouml;nnen sie sich an Menschen wenden, die mehrere Kinder gro&szlig;gezogen haben oder noch immer gro&szlig;ziehen &#8211; solche Eltern kennen oft hilfreiche Tipps f&uuml;r die Betreuung nicht nur eines, sondern mehrerer Kinder, die sich in vielerlei Hinsicht voneinander unterscheiden. Zu fragen &#8222;Und wie macht man das&#8230;?&#8220; kann neue L&ouml;sungsans&auml;tze bringen, die auch bei der Erziehung eines anspruchsvollen Kindes funktionieren k&ouml;nnen.<\/p>\n<p class=\"block-img\"><img decoding=\"async\" src=\"https:\/\/yoopies.de\/c\/wp-content\/uploads\/sites\/5\/2022\/10\/9e616d66-7120-44c2-9669-dedc16ba1b62_cryingbaby.jpg\" alt=\"\"><\/p>\n<\/p>\n<h2>Wie man mit einem High Need Baby umgeht<\/h2>\n<p>Ein Patentrezept und ein Heilmittel f&uuml;r ein High Need Baby gibt es nicht, daher sollten Eltern, die zu Beginn des Abenteuers Hilfe suchen, um herauszufinden, wie sie mit einem High Need Baby umgehen k&ouml;nnen- <\/p>\n<p>Erstens &#8211; keine Schuldzuweisungen &#8211; Eltern neigen oft dazu, dem anderen Partner oder dem Kind selbst die Schuld zu geben, um der Ursache des Problems zu entgehen. Das High Need Baby ist niemandes Schuld! Daher sollte es so akzeptiert werden, wie es ist. Die Suche nach einem Schuldigen wird keiner der beiden Parteien helfen.<\/p>\n<ul>\n<li>Klassische Lehrb&uuml;cher &uuml;ber Babys und Kinder sind m&ouml;glicherweise keine gute Wahl, wenn es um die Erziehung eines anspruchsvollen Kindes geht. Die in dieser Literatur aufgeworfenen Fragen beziehen sich nicht auf die Bed&uuml;rfnisse der High Need Babies, daher ist es ratsam, Hilfe\/Informationen aus der Literatur zum Thema &#8222;High Need Baby&#8220; zu suchen. <br \/>\nSich an Eltern zu wenden, die sich in einer &auml;hnlichen Situation befunden haben, kann eine der besten Methoden sein. \n<\/li>\n<li>Niemand kann einen anderen Menschen besser verstehen als jemand, der &auml;hnliche Erfahrungen gemacht hat. Allein in einer neuen und schwierigen Situation zu sein, ist immer noch anstrengend. Die Suche nach &#8222;Partnern&#8220; in einer so schwierigen Herausforderung wie der Kindererziehung wird sich f&uuml;r viele als heilsam erweisen.\n<\/li>\n<\/ul>\n<h2>High Need Baby &#8211; lohnt es sich, einen Spezialisten aufzusuchen? Ist ein Besuch bei einem Psychologen notwendig?<\/h2>\n<\/p>\n<p>Diagnosen und die Suche nach Symptomen im Internet k&ouml;nnen zu erh&ouml;htem elterlichen Stress und &Auml;ngsten vor einer angemessenen Erziehung des Kindes f&uuml;hren. Wenn du den Verdacht hast, dass dein Kind Symptome von HNB zeigt, solltest du zun&auml;chst deinen Hausarzt aufsuchen. Der Arzt beurteilt den Zustand des Kindes und empfiehlt eine weitere Diagnostik, eventuell unter Anleitung eines Spezialisten. Die Untersuchung des Kindes auf eigene Faust und der Versuch, festzustellen, ob das Verhaltensmuster dem eines schwierigen Kindes entspricht, kann zu schwerwiegenden Folgen und Erziehungsfehlern f&uuml;hren, die sich m&ouml;glicherweise im sp&auml;teren Erwachsenenleben manifestieren.<\/p>\n<p>Psychologische Unterst&uuml;tzung w&auml;hrend der Erziehung eines High Need Babys ist von entscheidender Bedeutung, insbesondere f&uuml;r Eltern, die von der Pflege ersch&ouml;pft sind und deren Beziehung sich verschlechtert hat. Der Besuch bei einem Psychologen ist nicht zwingend erforderlich, aber wenn der Hausarzt diesen Weg empfohlen hat, sollte er auch in Anspruch genommen werden.<\/p>\n<p>F&uuml;r Eltern, die aufgrund der Nervosit&auml;t und des Schreiens ihres Babys HNB vermuten, ist es notwendig, die typischen Krankheiten und Beschwerden von S&auml;uglingen zu erw&auml;hnen, die sich in der Stimmungsst&ouml;rung des Babys manifestieren k&ouml;nnen:<\/p>\n<ul>\n<li>Mittelohrentz&uuml;ndung;<\/li>\n<li>Koliken<\/li>\n<li>Nahrungsmittelunvertr&auml;glichkeiten und -allergien;<\/li>\n<li>&Ouml;sophagusreflux;<\/li>\n<li>Entz&uuml;ndung der ableitenden Harnwege.<\/li>\n<\/ul>\n<p>Gesundheitsfragen sollten mit dem Haus- oder Kinderarzt des Kindes besprochen werden, um eine geeignete Behandlung einzuleiten oder die Diagnose von HNB weiterzuverfolgen.<\/p>\n<\/p>\n<p><a class=\"button\" href=\"https:\/\/yoopies.de\/kinderbetreuung\">Finde die richtige Betreuung f\u00fcr dein Kind<\/a><\/p>\n","protected":false},"excerpt":{"rendered":"<p>High-Need Baby Was ist ein High Need Baby, was braucht es von seinen Eltern und &hellip; <\/p>\n","protected":false},"author":10,"featured_media":18,"parent":0,"menu_order":0,"comment_status":"closed","ping_status":"closed","template":"","meta":{"_acf_changed":false,"footnotes":""},"class_list":["post-14","page","type-page","status-publish","has-post-thumbnail","hentry"],"acf":[],"yoast_head":"<!-- This site is optimized with the Yoast SEO plugin v26.9 - https:\/\/yoast.com\/product\/yoast-seo-wordpress\/ -->\n<title>High Need Baby - Dziecko O Wi\u0119kszych Potrzebach<\/title>\n<meta name=\"description\" content=\"High Need Baby - has\u0142o wprowadzone przez pediatr\u00f3w Williama i Marth\u0119 Sears\u00f3w. Poznaj cechy High Need Baby, wskaz\u00f3wki i test na wymagaj\u0105ce dzieci.\" \/>\n<meta name=\"robots\" content=\"index, follow, max-snippet:-1, max-image-preview:large, max-video-preview:-1\" \/>\n<link rel=\"canonical\" href=\"https:\/\/yoopies.de\/c\/high-need-baby\/\" \/>\n<meta property=\"og:locale\" content=\"de_DE\" \/>\n<meta property=\"og:type\" content=\"article\" \/>\n<meta property=\"og:title\" content=\"High Need Baby - Dziecko O Wi\u0119kszych Potrzebach\" \/>\n<meta property=\"og:description\" content=\"High Need Baby - has\u0142o wprowadzone przez pediatr\u00f3w Williama i Marth\u0119 Sears\u00f3w. Poznaj cechy High Need Baby, wskaz\u00f3wki i test na wymagaj\u0105ce dzieci.\" \/>\n<meta property=\"og:url\" content=\"https:\/\/yoopies.de\/c\/high-need-baby\/\" \/>\n<meta property=\"og:site_name\" content=\"Yoopies Deutschland\" \/>\n<meta property=\"article:modified_time\" content=\"2025-06-12T08:42:37+00:00\" \/>\n<meta property=\"og:image\" content=\"https:\/\/yoopies.de\/c\/wp-content\/uploads\/sites\/5\/2022\/10\/30205791-984c-4f65-90e4-b17fe64e71ba-hausdesmeeres.jpg\" \/>\n\t<meta property=\"og:image:width\" content=\"1200\" \/>\n\t<meta property=\"og:image:height\" content=\"803\" \/>\n\t<meta property=\"og:image:type\" content=\"image\/jpeg\" \/>\n<meta name=\"twitter:card\" content=\"summary_large_image\" \/>\n<meta name=\"twitter:label1\" content=\"Gesch\u00e4tzte Lesezeit\" \/>\n\t<meta name=\"twitter:data1\" content=\"9\u00a0Minuten\" \/>\n<script type=\"application\/ld+json\" class=\"yoast-schema-graph\">{\"@context\":\"https:\/\/schema.org\",\"@graph\":[{\"@type\":\"WebPage\",\"@id\":\"https:\/\/yoopies.de\/c\/high-need-baby\/\",\"url\":\"https:\/\/yoopies.de\/c\/high-need-baby\/\",\"name\":\"High Need Baby - Dziecko O Wi\u0119kszych Potrzebach\",\"isPartOf\":{\"@id\":\"https:\/\/yoopies.de\/c\/#website\"},\"primaryImageOfPage\":{\"@id\":\"https:\/\/yoopies.de\/c\/high-need-baby\/#primaryimage\"},\"image\":{\"@id\":\"https:\/\/yoopies.de\/c\/high-need-baby\/#primaryimage\"},\"thumbnailUrl\":\"https:\/\/yoopies.de\/c\/wp-content\/uploads\/sites\/5\/2022\/10\/30205791-984c-4f65-90e4-b17fe64e71ba-hausdesmeeres.jpg\",\"datePublished\":\"2022-10-30T07:49:28+00:00\",\"dateModified\":\"2025-06-12T08:42:37+00:00\",\"description\":\"High Need Baby - has\u0142o wprowadzone przez pediatr\u00f3w Williama i Marth\u0119 Sears\u00f3w. Poznaj cechy High Need Baby, wskaz\u00f3wki i test na wymagaj\u0105ce dzieci.\",\"breadcrumb\":{\"@id\":\"https:\/\/yoopies.de\/c\/high-need-baby\/#breadcrumb\"},\"inLanguage\":\"de\",\"potentialAction\":[{\"@type\":\"ReadAction\",\"target\":[\"https:\/\/yoopies.de\/c\/high-need-baby\/\"]}]},{\"@type\":\"ImageObject\",\"inLanguage\":\"de\",\"@id\":\"https:\/\/yoopies.de\/c\/high-need-baby\/#primaryimage\",\"url\":\"https:\/\/yoopies.de\/c\/wp-content\/uploads\/sites\/5\/2022\/10\/30205791-984c-4f65-90e4-b17fe64e71ba-hausdesmeeres.jpg\",\"contentUrl\":\"https:\/\/yoopies.de\/c\/wp-content\/uploads\/sites\/5\/2022\/10\/30205791-984c-4f65-90e4-b17fe64e71ba-hausdesmeeres.jpg\",\"width\":1200,\"height\":803},{\"@type\":\"BreadcrumbList\",\"@id\":\"https:\/\/yoopies.de\/c\/high-need-baby\/#breadcrumb\",\"itemListElement\":[{\"@type\":\"ListItem\",\"position\":1,\"name\":\"Home\",\"item\":\"https:\/\/yoopies.de\/c\/\"},{\"@type\":\"ListItem\",\"position\":2,\"name\":\"High Need Baby &#8211; was macht ein Schreibaby aus? Wie zieht man es auf und ist ein Besuch bei einem Spezialisten ein Muss?\"}]},{\"@type\":\"WebSite\",\"@id\":\"https:\/\/yoopies.de\/c\/#website\",\"url\":\"https:\/\/yoopies.de\/c\/\",\"name\":\"Yoopies Deutschland\",\"description\":\"\",\"potentialAction\":[{\"@type\":\"SearchAction\",\"target\":{\"@type\":\"EntryPoint\",\"urlTemplate\":\"https:\/\/yoopies.de\/c\/?s={search_term_string}\"},\"query-input\":{\"@type\":\"PropertyValueSpecification\",\"valueRequired\":true,\"valueName\":\"search_term_string\"}}],\"inLanguage\":\"de\"}]}<\/script>\n<!-- \/ Yoast SEO plugin. -->","yoast_head_json":{"title":"High Need Baby - Dziecko O Wi\u0119kszych Potrzebach","description":"High Need Baby - has\u0142o wprowadzone przez pediatr\u00f3w Williama i Marth\u0119 Sears\u00f3w. Poznaj cechy High Need Baby, wskaz\u00f3wki i test na wymagaj\u0105ce dzieci.","robots":{"index":"index","follow":"follow","max-snippet":"max-snippet:-1","max-image-preview":"max-image-preview:large","max-video-preview":"max-video-preview:-1"},"canonical":"https:\/\/yoopies.de\/c\/high-need-baby\/","og_locale":"de_DE","og_type":"article","og_title":"High Need Baby - Dziecko O Wi\u0119kszych Potrzebach","og_description":"High Need Baby - has\u0142o wprowadzone przez pediatr\u00f3w Williama i Marth\u0119 Sears\u00f3w. Poznaj cechy High Need Baby, wskaz\u00f3wki i test na wymagaj\u0105ce dzieci.","og_url":"https:\/\/yoopies.de\/c\/high-need-baby\/","og_site_name":"Yoopies Deutschland","article_modified_time":"2025-06-12T08:42:37+00:00","og_image":[{"width":1200,"height":803,"url":"https:\/\/yoopies.de\/c\/wp-content\/uploads\/sites\/5\/2022\/10\/30205791-984c-4f65-90e4-b17fe64e71ba-hausdesmeeres.jpg","type":"image\/jpeg"}],"twitter_card":"summary_large_image","twitter_misc":{"Gesch\u00e4tzte Lesezeit":"9\u00a0Minuten"},"schema":{"@context":"https:\/\/schema.org","@graph":[{"@type":"WebPage","@id":"https:\/\/yoopies.de\/c\/high-need-baby\/","url":"https:\/\/yoopies.de\/c\/high-need-baby\/","name":"High Need Baby - Dziecko O Wi\u0119kszych Potrzebach","isPartOf":{"@id":"https:\/\/yoopies.de\/c\/#website"},"primaryImageOfPage":{"@id":"https:\/\/yoopies.de\/c\/high-need-baby\/#primaryimage"},"image":{"@id":"https:\/\/yoopies.de\/c\/high-need-baby\/#primaryimage"},"thumbnailUrl":"https:\/\/yoopies.de\/c\/wp-content\/uploads\/sites\/5\/2022\/10\/30205791-984c-4f65-90e4-b17fe64e71ba-hausdesmeeres.jpg","datePublished":"2022-10-30T07:49:28+00:00","dateModified":"2025-06-12T08:42:37+00:00","description":"High Need Baby - has\u0142o wprowadzone przez pediatr\u00f3w Williama i Marth\u0119 Sears\u00f3w. Poznaj cechy High Need Baby, wskaz\u00f3wki i test na wymagaj\u0105ce dzieci.","breadcrumb":{"@id":"https:\/\/yoopies.de\/c\/high-need-baby\/#breadcrumb"},"inLanguage":"de","potentialAction":[{"@type":"ReadAction","target":["https:\/\/yoopies.de\/c\/high-need-baby\/"]}]},{"@type":"ImageObject","inLanguage":"de","@id":"https:\/\/yoopies.de\/c\/high-need-baby\/#primaryimage","url":"https:\/\/yoopies.de\/c\/wp-content\/uploads\/sites\/5\/2022\/10\/30205791-984c-4f65-90e4-b17fe64e71ba-hausdesmeeres.jpg","contentUrl":"https:\/\/yoopies.de\/c\/wp-content\/uploads\/sites\/5\/2022\/10\/30205791-984c-4f65-90e4-b17fe64e71ba-hausdesmeeres.jpg","width":1200,"height":803},{"@type":"BreadcrumbList","@id":"https:\/\/yoopies.de\/c\/high-need-baby\/#breadcrumb","itemListElement":[{"@type":"ListItem","position":1,"name":"Home","item":"https:\/\/yoopies.de\/c\/"},{"@type":"ListItem","position":2,"name":"High Need Baby &#8211; was macht ein Schreibaby aus? Wie zieht man es auf und ist ein Besuch bei einem Spezialisten ein Muss?"}]},{"@type":"WebSite","@id":"https:\/\/yoopies.de\/c\/#website","url":"https:\/\/yoopies.de\/c\/","name":"Yoopies Deutschland","description":"","potentialAction":[{"@type":"SearchAction","target":{"@type":"EntryPoint","urlTemplate":"https:\/\/yoopies.de\/c\/?s={search_term_string}"},"query-input":{"@type":"PropertyValueSpecification","valueRequired":true,"valueName":"search_term_string"}}],"inLanguage":"de"}]}},"_links":{"self":[{"href":"https:\/\/yoopies.de\/c\/wp-json\/wp\/v2\/pages\/14","targetHints":{"allow":["GET"]}}],"collection":[{"href":"https:\/\/yoopies.de\/c\/wp-json\/wp\/v2\/pages"}],"about":[{"href":"https:\/\/yoopies.de\/c\/wp-json\/wp\/v2\/types\/page"}],"author":[{"embeddable":true,"href":"https:\/\/yoopies.de\/c\/wp-json\/wp\/v2\/users\/10"}],"replies":[{"embeddable":true,"href":"https:\/\/yoopies.de\/c\/wp-json\/wp\/v2\/comments?post=14"}],"version-history":[{"count":1,"href":"https:\/\/yoopies.de\/c\/wp-json\/wp\/v2\/pages\/14\/revisions"}],"predecessor-version":[{"id":19,"href":"https:\/\/yoopies.de\/c\/wp-json\/wp\/v2\/pages\/14\/revisions\/19"}],"wp:featuredmedia":[{"embeddable":true,"href":"https:\/\/yoopies.de\/c\/wp-json\/wp\/v2\/media\/18"}],"wp:attachment":[{"href":"https:\/\/yoopies.de\/c\/wp-json\/wp\/v2\/media?parent=14"}],"curies":[{"name":"wp","href":"https:\/\/api.w.org\/{rel}","templated":true}]}}