{"id":109,"date":"2022-07-04T09:30:51","date_gmt":"2022-07-04T09:30:51","guid":{"rendered":"https:\/\/blog.yoopies.de\/wie-man-eine-gute-und-verlassliche-haushaltshilfe-findet\/"},"modified":"2025-06-12T08:42:37","modified_gmt":"2025-06-12T08:42:37","slug":"wie-man-eine-gute-und-verlassliche-haushaltshilfe-findet","status":"publish","type":"page","link":"https:\/\/yoopies.de\/c\/wie-man-eine-gute-und-verlassliche-haushaltshilfe-findet\/","title":{"rendered":"Wie man eine gute und verl\u00e4ssliche Haushaltshilfe findet"},"content":{"rendered":"<p><p>Wer kennt es nicht, der Haushalt kann ein leidiges Thema sein. Unter der Woche haben die wenigsten von uns Zeit und Lust sich nach einem langen und anstrengenden Arbeitstag noch mit putzen, waschen und b&uuml;geln auseinanderzusetzen. Und am Wochenende m&ouml;chte man nach einer anstrengenden Arbeitswoche lieber entspannen und sich mit Freunden oder der Familie eine Auszeit g&ouml;nnen, als sich mit dem Haushalt zu besch&auml;ftigen.<\/p>\n<\/p>\n<p><p><strong>Wie findet man eine vertrauensw&uuml;rdige und zuverl&auml;ssige Haushaltshilfe?<\/strong><\/p>\n<p>Eine M&ouml;glichkeit, eine Haushaltshilfe zu finden, ist das Umh&ouml;ren bei Freunden, Nachbarn oder Arbeitskollegen. Vielleicht hat dort ja jemand eine Putzhilfe, die noch Kapazit&auml;ten hat.<br \/>\nSie leisten gerne gute Arbeit, da sie die Bekannten, welche die jeweilige Empfehlung ausgesprochen haben, nicht entt&auml;uschen m&ouml;chten.<br \/>\nAuch im digitalen Zeitalter kann es sich lohnen, einen Blick auf das Schwarze Brett im Supermarkt zu werfen.<br \/>\nWichtig ist, stets nach Referenzen und Erfahrungen zu fragen, wenn eine potenzielle Putzkraft gefunden wurde. Dadurch kann besser eingesch&auml;tzt werden, ob es sich um eine verl&auml;ssliche und vertrauensw&uuml;rdige Person handelt.<\/p>\n<p>Wenn du jemand gefunden hast, der infrage kommt, dann empfiehlt es sich in einem ersten&nbsp;Gespr&auml;ch schon vorab zu besprechen welche Aufgaben und wie oft diese zu erledig<\/p>\n<\/p>\n<p><p class=\"block-img\"><img decoding=\"async\" src=\"https:\/\/yoopies.de\/c\/wp-content\/uploads\/sites\/5\/2022\/07\/6d45cb1d-ec19-4b8e-ab5e-b9b8812a8809_HouskeeperDE2.jpg\" alt=\"\"><\/p>\n<p><strong>Welche Aufgaben sollen erledigt werden und wie oft?<\/strong><\/p>\n<p>Am besten erstellst du eine Liste mit den Aufgaben, die deine neue Perle erledigen soll.<br \/>\nNat&uuml;rlich kann diese Liste variieren und auch von der Anzahl der Stunden, die du w&ouml;chentlich unterst&uuml;tzt wirst, abh&auml;ngen.<\/p>\n<p>Fensterputzen<br \/>\nStaubsaugen<br \/>\nBodenreinigung<br \/>\nWechseln der Bettw&auml;sche<br \/>\nB&uuml;geln<br \/>\nEinkauf<br \/>\nF&uuml;ttern der Haustiere<br \/>\nGassi gehen<\/p>\n<p>Je genauer du den Aufgabenbereich definierst, desto eher kannst du Stress und Missverst&auml;ndnisse vermeiden.<br \/>\nSolltest du Haustiere haben, muss auch abgekl&auml;rt werden, ob die Haushaltshilfe eventuell Angst vor Tieren hat, oder ob Allergien bestehen.<\/p>\n<p>Du kannst auch gleich zu Anfang kl&auml;ren, ob du alle Reinigungsutensilien und Putzmittel zur Verf&uuml;gung stellst, oder ob diese selbst mitgebracht werden und sich die Ausgaben daf&uuml;r im Stundenlohn niederschlagen.<\/p>\n<\/p>\n<p><p class=\"block-img\"><img decoding=\"async\" src=\"https:\/\/yoopies.de\/c\/wp-content\/uploads\/sites\/5\/2022\/07\/3aa428e1-a3a8-4196-9b1c-c4c5141d4c25_HousekeeperDE.jpg\" alt=\"\"><\/p>\n<p><strong>Wie viel bekommt eine Haushaltshilfe bezahlt?<\/strong><\/p>\n<p>Im Durchschnitt verdient eine Haushaltshilfe in etwa 13,00 &euro; die Stunde. Je nach Aufgaben, die &uuml;bernommen werden, sowie Alter und Erfahrung kann der Stundenlohn zwischen 12,00 &euro; und 26,00 &euro; pro Stunde betragen. Generell fallen Stundenl&ouml;hne am Land auch etwas geringer als, als in der Stadt.<\/p>\n<p>Bei der Auswahl der richtigen Hausangestellten solltest du dich aber nicht nur vom Preis leiten lassen.<br \/>\nDas Wichtigste sollte die Qualit&auml;t der Dienstleistung sein. Die Haushaltshilfe muss jemand sein, auf den du dich verlassen kannst, der gr&uuml;ndlich arbeitet und dich im Alltag entlastet.<\/p>\n<\/p>\n<p><a class=\"button\" href=\"https:\/\/https:\/\/yoopies.de\/registration\/housekeeping\/employer\">Registriere dich hier und finde eine vertrauensw\u00fcrdige Haushaltshilfe auf Yoopies<\/a><\/p>\n","protected":false},"excerpt":{"rendered":"<p>Wer kennt es nicht, der Haushalt kann ein leidiges Thema sein. Unter der Woche haben &hellip; <\/p>\n","protected":false},"author":10,"featured_media":112,"parent":0,"menu_order":0,"comment_status":"closed","ping_status":"closed","template":"","meta":{"_acf_changed":false,"footnotes":""},"class_list":["post-109","page","type-page","status-publish","has-post-thumbnail","hentry"],"acf":[],"yoast_head":"<!-- This site is optimized with the Yoast SEO plugin v26.9 - https:\/\/yoast.com\/product\/yoast-seo-wordpress\/ -->\n<title>Wie findet man eine gute und vertrauensw\u00fcrdige Hausangestellte?<\/title>\n<meta name=\"description\" content=\"Haushaltshilfe gesucht? Hier findet ihr ein paar Tips wie ihr eine vertrauensw\u00fcrdige und verl\u00e4ssliche Alltagshilfe findet!\" \/>\n<meta name=\"robots\" content=\"index, follow, max-snippet:-1, max-image-preview:large, max-video-preview:-1\" \/>\n<link rel=\"canonical\" href=\"https:\/\/yoopies.de\/c\/wie-man-eine-gute-und-verlassliche-haushaltshilfe-findet\/\" \/>\n<meta property=\"og:locale\" content=\"de_DE\" \/>\n<meta property=\"og:type\" content=\"article\" \/>\n<meta property=\"og:title\" content=\"Wie findet man eine gute und vertrauensw\u00fcrdige Hausangestellte?\" \/>\n<meta property=\"og:description\" content=\"Haushaltshilfe gesucht? Hier findet ihr ein paar Tips wie ihr eine vertrauensw\u00fcrdige und verl\u00e4ssliche Alltagshilfe findet!\" \/>\n<meta property=\"og:url\" content=\"https:\/\/yoopies.de\/c\/wie-man-eine-gute-und-verlassliche-haushaltshilfe-findet\/\" \/>\n<meta property=\"og:site_name\" content=\"Yoopies Deutschland\" \/>\n<meta property=\"article:modified_time\" content=\"2025-06-12T08:42:37+00:00\" \/>\n<meta property=\"og:image\" content=\"https:\/\/yoopies.de\/c\/wp-content\/uploads\/sites\/5\/2022\/07\/355e7ffe-f318-4cd4-adce-d412576c90da-jeshoots-com-zmnefoi3k-unsplash.jpg\" \/>\n\t<meta property=\"og:image:width\" content=\"1200\" \/>\n\t<meta property=\"og:image:height\" content=\"800\" \/>\n\t<meta property=\"og:image:type\" content=\"image\/jpeg\" \/>\n<meta name=\"twitter:card\" content=\"summary_large_image\" \/>\n<meta name=\"twitter:label1\" content=\"Gesch\u00e4tzte Lesezeit\" \/>\n\t<meta name=\"twitter:data1\" content=\"2\u00a0Minuten\" \/>\n<script type=\"application\/ld+json\" class=\"yoast-schema-graph\">{\"@context\":\"https:\/\/schema.org\",\"@graph\":[{\"@type\":\"WebPage\",\"@id\":\"https:\/\/yoopies.de\/c\/wie-man-eine-gute-und-verlassliche-haushaltshilfe-findet\/\",\"url\":\"https:\/\/yoopies.de\/c\/wie-man-eine-gute-und-verlassliche-haushaltshilfe-findet\/\",\"name\":\"Wie findet man eine gute und vertrauensw\u00fcrdige Hausangestellte?\",\"isPartOf\":{\"@id\":\"https:\/\/yoopies.de\/c\/#website\"},\"primaryImageOfPage\":{\"@id\":\"https:\/\/yoopies.de\/c\/wie-man-eine-gute-und-verlassliche-haushaltshilfe-findet\/#primaryimage\"},\"image\":{\"@id\":\"https:\/\/yoopies.de\/c\/wie-man-eine-gute-und-verlassliche-haushaltshilfe-findet\/#primaryimage\"},\"thumbnailUrl\":\"https:\/\/yoopies.de\/c\/wp-content\/uploads\/sites\/5\/2022\/07\/355e7ffe-f318-4cd4-adce-d412576c90da-jeshoots-com-zmnefoi3k-unsplash.jpg\",\"datePublished\":\"2022-07-04T09:30:51+00:00\",\"dateModified\":\"2025-06-12T08:42:37+00:00\",\"description\":\"Haushaltshilfe gesucht? Hier findet ihr ein paar Tips wie ihr eine vertrauensw\u00fcrdige und verl\u00e4ssliche Alltagshilfe findet!\",\"breadcrumb\":{\"@id\":\"https:\/\/yoopies.de\/c\/wie-man-eine-gute-und-verlassliche-haushaltshilfe-findet\/#breadcrumb\"},\"inLanguage\":\"de\",\"potentialAction\":[{\"@type\":\"ReadAction\",\"target\":[\"https:\/\/yoopies.de\/c\/wie-man-eine-gute-und-verlassliche-haushaltshilfe-findet\/\"]}]},{\"@type\":\"ImageObject\",\"inLanguage\":\"de\",\"@id\":\"https:\/\/yoopies.de\/c\/wie-man-eine-gute-und-verlassliche-haushaltshilfe-findet\/#primaryimage\",\"url\":\"https:\/\/yoopies.de\/c\/wp-content\/uploads\/sites\/5\/2022\/07\/355e7ffe-f318-4cd4-adce-d412576c90da-jeshoots-com-zmnefoi3k-unsplash.jpg\",\"contentUrl\":\"https:\/\/yoopies.de\/c\/wp-content\/uploads\/sites\/5\/2022\/07\/355e7ffe-f318-4cd4-adce-d412576c90da-jeshoots-com-zmnefoi3k-unsplash.jpg\",\"width\":1200,\"height\":800},{\"@type\":\"BreadcrumbList\",\"@id\":\"https:\/\/yoopies.de\/c\/wie-man-eine-gute-und-verlassliche-haushaltshilfe-findet\/#breadcrumb\",\"itemListElement\":[{\"@type\":\"ListItem\",\"position\":1,\"name\":\"Home\",\"item\":\"https:\/\/yoopies.de\/c\/\"},{\"@type\":\"ListItem\",\"position\":2,\"name\":\"Wie man eine gute und verl\u00e4ssliche Haushaltshilfe findet\"}]},{\"@type\":\"WebSite\",\"@id\":\"https:\/\/yoopies.de\/c\/#website\",\"url\":\"https:\/\/yoopies.de\/c\/\",\"name\":\"Yoopies Deutschland\",\"description\":\"\",\"potentialAction\":[{\"@type\":\"SearchAction\",\"target\":{\"@type\":\"EntryPoint\",\"urlTemplate\":\"https:\/\/yoopies.de\/c\/?s={search_term_string}\"},\"query-input\":{\"@type\":\"PropertyValueSpecification\",\"valueRequired\":true,\"valueName\":\"search_term_string\"}}],\"inLanguage\":\"de\"}]}<\/script>\n<!-- \/ Yoast SEO plugin. -->","yoast_head_json":{"title":"Wie findet man eine gute und vertrauensw\u00fcrdige Hausangestellte?","description":"Haushaltshilfe gesucht? Hier findet ihr ein paar Tips wie ihr eine vertrauensw\u00fcrdige und verl\u00e4ssliche Alltagshilfe findet!","robots":{"index":"index","follow":"follow","max-snippet":"max-snippet:-1","max-image-preview":"max-image-preview:large","max-video-preview":"max-video-preview:-1"},"canonical":"https:\/\/yoopies.de\/c\/wie-man-eine-gute-und-verlassliche-haushaltshilfe-findet\/","og_locale":"de_DE","og_type":"article","og_title":"Wie findet man eine gute und vertrauensw\u00fcrdige Hausangestellte?","og_description":"Haushaltshilfe gesucht? Hier findet ihr ein paar Tips wie ihr eine vertrauensw\u00fcrdige und verl\u00e4ssliche Alltagshilfe findet!","og_url":"https:\/\/yoopies.de\/c\/wie-man-eine-gute-und-verlassliche-haushaltshilfe-findet\/","og_site_name":"Yoopies Deutschland","article_modified_time":"2025-06-12T08:42:37+00:00","og_image":[{"width":1200,"height":800,"url":"https:\/\/yoopies.de\/c\/wp-content\/uploads\/sites\/5\/2022\/07\/355e7ffe-f318-4cd4-adce-d412576c90da-jeshoots-com-zmnefoi3k-unsplash.jpg","type":"image\/jpeg"}],"twitter_card":"summary_large_image","twitter_misc":{"Gesch\u00e4tzte Lesezeit":"2\u00a0Minuten"},"schema":{"@context":"https:\/\/schema.org","@graph":[{"@type":"WebPage","@id":"https:\/\/yoopies.de\/c\/wie-man-eine-gute-und-verlassliche-haushaltshilfe-findet\/","url":"https:\/\/yoopies.de\/c\/wie-man-eine-gute-und-verlassliche-haushaltshilfe-findet\/","name":"Wie findet man eine gute und vertrauensw\u00fcrdige Hausangestellte?","isPartOf":{"@id":"https:\/\/yoopies.de\/c\/#website"},"primaryImageOfPage":{"@id":"https:\/\/yoopies.de\/c\/wie-man-eine-gute-und-verlassliche-haushaltshilfe-findet\/#primaryimage"},"image":{"@id":"https:\/\/yoopies.de\/c\/wie-man-eine-gute-und-verlassliche-haushaltshilfe-findet\/#primaryimage"},"thumbnailUrl":"https:\/\/yoopies.de\/c\/wp-content\/uploads\/sites\/5\/2022\/07\/355e7ffe-f318-4cd4-adce-d412576c90da-jeshoots-com-zmnefoi3k-unsplash.jpg","datePublished":"2022-07-04T09:30:51+00:00","dateModified":"2025-06-12T08:42:37+00:00","description":"Haushaltshilfe gesucht? Hier findet ihr ein paar Tips wie ihr eine vertrauensw\u00fcrdige und verl\u00e4ssliche Alltagshilfe findet!","breadcrumb":{"@id":"https:\/\/yoopies.de\/c\/wie-man-eine-gute-und-verlassliche-haushaltshilfe-findet\/#breadcrumb"},"inLanguage":"de","potentialAction":[{"@type":"ReadAction","target":["https:\/\/yoopies.de\/c\/wie-man-eine-gute-und-verlassliche-haushaltshilfe-findet\/"]}]},{"@type":"ImageObject","inLanguage":"de","@id":"https:\/\/yoopies.de\/c\/wie-man-eine-gute-und-verlassliche-haushaltshilfe-findet\/#primaryimage","url":"https:\/\/yoopies.de\/c\/wp-content\/uploads\/sites\/5\/2022\/07\/355e7ffe-f318-4cd4-adce-d412576c90da-jeshoots-com-zmnefoi3k-unsplash.jpg","contentUrl":"https:\/\/yoopies.de\/c\/wp-content\/uploads\/sites\/5\/2022\/07\/355e7ffe-f318-4cd4-adce-d412576c90da-jeshoots-com-zmnefoi3k-unsplash.jpg","width":1200,"height":800},{"@type":"BreadcrumbList","@id":"https:\/\/yoopies.de\/c\/wie-man-eine-gute-und-verlassliche-haushaltshilfe-findet\/#breadcrumb","itemListElement":[{"@type":"ListItem","position":1,"name":"Home","item":"https:\/\/yoopies.de\/c\/"},{"@type":"ListItem","position":2,"name":"Wie man eine gute und verl\u00e4ssliche Haushaltshilfe findet"}]},{"@type":"WebSite","@id":"https:\/\/yoopies.de\/c\/#website","url":"https:\/\/yoopies.de\/c\/","name":"Yoopies Deutschland","description":"","potentialAction":[{"@type":"SearchAction","target":{"@type":"EntryPoint","urlTemplate":"https:\/\/yoopies.de\/c\/?s={search_term_string}"},"query-input":{"@type":"PropertyValueSpecification","valueRequired":true,"valueName":"search_term_string"}}],"inLanguage":"de"}]}},"_links":{"self":[{"href":"https:\/\/yoopies.de\/c\/wp-json\/wp\/v2\/pages\/109","targetHints":{"allow":["GET"]}}],"collection":[{"href":"https:\/\/yoopies.de\/c\/wp-json\/wp\/v2\/pages"}],"about":[{"href":"https:\/\/yoopies.de\/c\/wp-json\/wp\/v2\/types\/page"}],"author":[{"embeddable":true,"href":"https:\/\/yoopies.de\/c\/wp-json\/wp\/v2\/users\/10"}],"replies":[{"embeddable":true,"href":"https:\/\/yoopies.de\/c\/wp-json\/wp\/v2\/comments?post=109"}],"version-history":[{"count":1,"href":"https:\/\/yoopies.de\/c\/wp-json\/wp\/v2\/pages\/109\/revisions"}],"predecessor-version":[{"id":113,"href":"https:\/\/yoopies.de\/c\/wp-json\/wp\/v2\/pages\/109\/revisions\/113"}],"wp:featuredmedia":[{"embeddable":true,"href":"https:\/\/yoopies.de\/c\/wp-json\/wp\/v2\/media\/112"}],"wp:attachment":[{"href":"https:\/\/yoopies.de\/c\/wp-json\/wp\/v2\/media?parent=109"}],"curies":[{"name":"wp","href":"https:\/\/api.w.org\/{rel}","templated":true}]}}